{"id":104,"date":"2020-11-08T14:37:54","date_gmt":"2020-11-08T13:37:54","guid":{"rendered":"https:\/\/pag-willmop.ch\/fr\/?page_id=104"},"modified":"2021-03-17T11:17:26","modified_gmt":"2021-03-17T10:17:26","slug":"service","status":"publish","type":"page","link":"https:\/\/pag-willmop.ch\/fr\/service\/","title":{"rendered":"SERVICE"},"content":{"rendered":"<p>[et_pb_section fb_built=&#8220;1&#8243; _builder_version=&#8220;4.6.6&#8243; _module_preset=&#8220;default&#8220;][et_pb_row column_structure=&#8220;1_6,1_6,1_6,1_6,1_6,1_6&#8243; _builder_version=&#8220;4.9.0&#8243; _module_preset=&#8220;default&#8220;][et_pb_column type=&#8220;1_6&#8243; _builder_version=&#8220;4.9.0&#8243; _module_preset=&#8220;default&#8220;][\/et_pb_column][et_pb_column type=&#8220;1_6&#8243; _builder_version=&#8220;4.9.0&#8243; _module_preset=&#8220;default&#8220;][\/et_pb_column][et_pb_column type=&#8220;1_6&#8243; _builder_version=&#8220;4.9.0&#8243; _module_preset=&#8220;default&#8220;][\/et_pb_column][et_pb_column type=&#8220;1_6&#8243; _builder_version=&#8220;4.9.0&#8243; _module_preset=&#8220;default&#8220;][et_pb_text _builder_version=&#8220;4.9.0&#8243; _module_preset=&#8220;default&#8220; background_color=&#8220;#0C71C3&#8243;]<\/p>\n<p style=\"text-align: center;\"><a href=\"https:\/\/pag-willmop.ch\/service\/\"><strong><span style=\"color: #ffffff;\">DEUTSCH<\/span><\/strong><\/a><\/p>\n<p>[\/et_pb_text][\/et_pb_column][et_pb_column type=&#8220;1_6&#8243; _builder_version=&#8220;4.9.0&#8243; _module_preset=&#8220;default&#8220;][\/et_pb_column][et_pb_column type=&#8220;1_6&#8243; _builder_version=&#8220;4.9.0&#8243; _module_preset=&#8220;default&#8220;][et_pb_text _builder_version=&#8220;4.9.0&#8243; _module_preset=&#8220;default&#8220; background_color=&#8220;#0C71C3&#8243;]<\/p>\n<p style=\"text-align: center;\"><a href=\"https:\/\/pag-willmop.ch\/it\/\"><strong><span style=\"color: #ffffff;\">ITALIANO<\/span><\/strong><\/a><\/p>\n<p>[\/et_pb_text][\/et_pb_column][\/et_pb_row][et_pb_row _builder_version=&#8220;4.6.6&#8243; _module_preset=&#8220;default&#8220;][et_pb_column type=&#8220;4_4&#8243; _builder_version=&#8220;4.6.6&#8243; _module_preset=&#8220;default&#8220;][et_pb_image src=&#8220;https:\/\/pag-willmop.ch\/fr\/wp-content\/uploads\/sites\/3\/2020\/11\/KOPFBILD_2.jpg&#8220; alt=&#8220;Willmop&#8220; title_text=&#8220;KOPFBILD_2&#8243; _builder_version=&#8220;4.6.6&#8243; _module_preset=&#8220;default&#8220;][\/et_pb_image][\/et_pb_column][\/et_pb_row][et_pb_row column_structure=&#8220;1_4,1_2,1_4&#8243; _builder_version=&#8220;4.6.6&#8243; _module_preset=&#8220;default&#8220;][et_pb_column type=&#8220;1_4&#8243; _builder_version=&#8220;4.6.6&#8243; _module_preset=&#8220;default&#8220;][\/et_pb_column][et_pb_column type=&#8220;1_2&#8243; _builder_version=&#8220;4.6.6&#8243; _module_preset=&#8220;default&#8220;][et_pb_text _builder_version=&#8220;4.6.6&#8243; _module_preset=&#8220;default&#8220;]<\/p>\n<p><span class=\"tlid-translation translation\" lang=\"fr\"><span title=\"\" class=\"\">Les sp\u00e9cialistes de PAG Tech AG form\u00e9s en usine effectuent pour vous tous <span style=\"color: #ff0000;\"><strong>les travaux de service, de garantie et de maintenance<\/strong><\/span> sur toutes les machines de nettoyage PAG WILLMOP et TSM &#8211; de mani\u00e8re parfaite, rapide et fiable.<\/span><\/p>\n<p><strong><span title=\"\" class=\"\">Pour que vous puissiez utiliser vos machines de nettoyage pendant longtemps!<\/span><\/strong><\/span><\/p>\n<p>[\/et_pb_text][\/et_pb_column][et_pb_column type=&#8220;1_4&#8243; _builder_version=&#8220;4.6.6&#8243; _module_preset=&#8220;default&#8220;][\/et_pb_column][\/et_pb_row][et_pb_row column_structure=&#8220;1_4,1_2,1_4&#8243; _builder_version=&#8220;4.6.6&#8243; _module_preset=&#8220;default&#8220;][et_pb_column type=&#8220;1_4&#8243; _builder_version=&#8220;4.6.6&#8243; _module_preset=&#8220;default&#8220;][et_pb_text _builder_version=&#8220;4.9.2&#8243; _module_preset=&#8220;default&#8220;]<\/p>\n<p><span style=\"color: #ffffff;\"><strong><span title=\"\" class=\"\">&#8211;<\/span><\/strong><\/span><\/p>\n<p><strong><span title=\"\" class=\"\">Nous nous r\u00e9jouissons de votre contact.<\/span><\/strong><\/p>\n<p>[\/et_pb_text][\/et_pb_column][et_pb_column type=&#8220;1_2&#8243; _builder_version=&#8220;4.6.6&#8243; _module_preset=&#8220;default&#8220;][et_pb_text _builder_version=&#8220;4.9.2&#8243; _module_preset=&#8220;default&#8220; hover_enabled=&#8220;0&#8243; sticky_enabled=&#8220;0&#8243;]<\/p>\n<p><span class=\"tlid-translation translation\" lang=\"fr\"><strong><span title=\"\">Contact<\/span><\/strong><\/span><\/p>\n<p><span title=\"\">PAG Tech AG<\/span><br \/><span title=\"\">Case postale<\/span><br \/><span title=\"\">1462 Yvonand<br \/><\/span><\/p>\n<p><span title=\"\">T\u00a0\u00a0\u00a0\u00a0 +41 24 430 23 00<\/span><br \/><span title=\"\" class=\"\">M\u00a0\u00a0 info@pag-tech.ch<\/span><\/p>\n<p><strong><span title=\"\" class=\"\">\u00a0<\/span><\/strong><\/p>\n<p>[\/et_pb_text][\/et_pb_column][et_pb_column type=&#8220;1_4&#8243; _builder_version=&#8220;4.6.6&#8243; _module_preset=&#8220;default&#8220;][et_pb_text _builder_version=&#8220;4.6.6&#8243; _module_preset=&#8220;default&#8220;]<\/p>\n<p><strong><span class=\"tlid-translation translation\" lang=\"fr\"><span title=\"\" class=\"\">Nos horaires d&#8217;ouverture<\/span><\/span><\/strong><\/p>\n<p>LU \u2013 VE\u00a0\u00a0\u00a0\u00a0\u00a0 07h30 \u2013 12h00<br \/>\u00a0\u00a0\u00a0\u00a0\u00a0\u00a0\u00a0\u00a0\u00a0\u00a0\u00a0\u00a0\u00a0\u00a0\u00a0\u00a0\u00a0\u00a0 13h30 \u2013 18h00<\/p>\n<p>SA\u00a0\u00a0\u00a0\u00a0\u00a0\u00a0\u00a0\u00a0\u00a0\u00a0\u00a0\u00a0\u00a0\u00a0 ferm\u00e9<\/p>\n<p>[\/et_pb_text][\/et_pb_column][\/et_pb_row][et_pb_row _builder_version=&#8220;4.9.2&#8243; _module_preset=&#8220;default&#8220;][et_pb_column _builder_version=&#8220;4.9.2&#8243; _module_preset=&#8220;default&#8220; type=&#8220;4_4&#8243;][et_pb_divider _builder_version=&#8220;4.9.2&#8243; _module_preset=&#8220;default&#8220; hover_enabled=&#8220;0&#8243; sticky_enabled=&#8220;0&#8243;][\/et_pb_divider][\/et_pb_column][\/et_pb_row][et_pb_row column_structure=&#8220;1_4,1_2,1_4&#8243; _builder_version=&#8220;4.6.6&#8243; _module_preset=&#8220;default&#8220;][et_pb_column type=&#8220;1_4&#8243; _builder_version=&#8220;4.6.6&#8243; _module_preset=&#8220;default&#8220;][\/et_pb_column][et_pb_column type=&#8220;1_2&#8243; _builder_version=&#8220;4.6.6&#8243; _module_preset=&#8220;default&#8220;][et_pb_text _builder_version=&#8220;4.6.6&#8243; _module_preset=&#8220;default&#8220;]<\/p>\n<p><span class=\"tlid-translation translation\" lang=\"fr\"><span style=\"color: #ff0000;\"><strong><span title=\"\" class=\"\">Chers clients<\/span><\/strong><\/span><br \/><span title=\"\" class=\"\">Malgr\u00e9 de grandes incertitudes sur le virus CoVid-19, nous essayons de garder notre entreprise ouverte comme d&#8217;habitude.<\/span> <span title=\"\" class=\"\">Nous vous demandons toutefois de comprendre que nous devons nous aussi nous prot\u00e9ger et que nous appliquons donc syst\u00e9matiquement les r\u00e8gles d&#8217;hygi\u00e8ne prescrites et la \u00abdistanciation sociale\u00bb &#8211; <span style=\"color: #ff0000;\"><strong>pour vous prot\u00e9ger, vous et nous.<\/strong><\/span><\/span><br \/><span title=\"\" class=\"\">Merci de votre compr\u00e9hension.<\/span><\/span><\/p>\n<p>[\/et_pb_text][\/et_pb_column][et_pb_column type=&#8220;1_4&#8243; _builder_version=&#8220;4.6.6&#8243; _module_preset=&#8220;default&#8220;][\/et_pb_column][\/et_pb_row][\/et_pb_section]<\/p>\n ","protected":false},"excerpt":{"rendered":"<p>DEUTSCHITALIANOLes sp\u00e9cialistes de PAG Tech AG form\u00e9s en usine effectuent pour vous tous les travaux de service, de garantie et de maintenance sur toutes les machines de nettoyage PAG WILLMOP et TSM &#8211; de mani\u00e8re parfaite, rapide et fiable. Pour que vous puissiez utiliser vos machines de nettoyage pendant longtemps!- Nous nous r\u00e9jouissons de votre [&hellip;]<\/p>\n","protected":false},"author":1,"featured_media":0,"parent":0,"menu_order":0,"comment_status":"closed","ping_status":"closed","template":"","meta":{"_et_pb_use_builder":"on","_et_pb_old_content":"","_et_gb_content_width":"","footnotes":""},"yoast_head":"<!-- This site is optimized with the Yoast SEO plugin v21.2 - https:\/\/yoast.com\/wordpress\/plugins\/seo\/ -->\n<title>SERVICE - PAG Willmop (fr)<\/title>\n<meta name=\"robots\" content=\"index, follow, max-snippet:-1, max-image-preview:large, max-video-preview:-1\" \/>\n<link rel=\"canonical\" href=\"https:\/\/pag-willmop.ch\/fr\/service\/\" \/>\n<meta property=\"og:locale\" content=\"de_DE\" \/>\n<meta property=\"og:type\" content=\"article\" \/>\n<meta property=\"og:title\" content=\"SERVICE - PAG Willmop (fr)\" \/>\n<meta property=\"og:description\" content=\"DEUTSCHITALIANOLes sp\u00e9cialistes de PAG Tech AG form\u00e9s en usine effectuent pour vous tous les travaux de service, de garantie et de maintenance sur toutes les machines de nettoyage PAG WILLMOP et TSM - de mani\u00e8re parfaite, rapide et fiable. Pour que vous puissiez utiliser vos machines de nettoyage pendant longtemps!- Nous nous r\u00e9jouissons de votre [&hellip;]\" \/>\n<meta property=\"og:url\" content=\"https:\/\/pag-willmop.ch\/fr\/service\/\" \/>\n<meta property=\"og:site_name\" content=\"PAG Willmop (fr)\" \/>\n<meta property=\"article:modified_time\" content=\"2021-03-17T10:17:26+00:00\" \/>\n<meta name=\"twitter:card\" content=\"summary_large_image\" \/>\n<meta name=\"twitter:label1\" content=\"Gesch\u00e4tzte Lesezeit\" \/>\n\t<meta name=\"twitter:data1\" content=\"3\u00a0Minuten\" \/>\n<script type=\"application\/ld+json\" class=\"yoast-schema-graph\">{\"@context\":\"https:\/\/schema.org\",\"@graph\":[{\"@type\":\"WebPage\",\"@id\":\"https:\/\/pag-willmop.ch\/fr\/service\/\",\"url\":\"https:\/\/pag-willmop.ch\/fr\/service\/\",\"name\":\"SERVICE - PAG Willmop (fr)\",\"isPartOf\":{\"@id\":\"https:\/\/pag-willmop.ch\/fr\/#website\"},\"datePublished\":\"2020-11-08T13:37:54+00:00\",\"dateModified\":\"2021-03-17T10:17:26+00:00\",\"breadcrumb\":{\"@id\":\"https:\/\/pag-willmop.ch\/fr\/service\/#breadcrumb\"},\"inLanguage\":\"de\",\"potentialAction\":[{\"@type\":\"ReadAction\",\"target\":[\"https:\/\/pag-willmop.ch\/fr\/service\/\"]}]},{\"@type\":\"BreadcrumbList\",\"@id\":\"https:\/\/pag-willmop.ch\/fr\/service\/#breadcrumb\",\"itemListElement\":[{\"@type\":\"ListItem\",\"position\":1,\"name\":\"Startseite\",\"item\":\"https:\/\/pag-willmop.ch\/fr\/\"},{\"@type\":\"ListItem\",\"position\":2,\"name\":\"SERVICE\"}]},{\"@type\":\"WebSite\",\"@id\":\"https:\/\/pag-willmop.ch\/fr\/#website\",\"url\":\"https:\/\/pag-willmop.ch\/fr\/\",\"name\":\"PAG Willmop (fr)\",\"description\":\"Eine weitere PAG Willmop Website\",\"potentialAction\":[{\"@type\":\"SearchAction\",\"target\":{\"@type\":\"EntryPoint\",\"urlTemplate\":\"https:\/\/pag-willmop.ch\/fr\/?s={search_term_string}\"},\"query-input\":\"required name=search_term_string\"}],\"inLanguage\":\"de\"}]}<\/script>\n<!-- \/ Yoast SEO plugin. -->","yoast_head_json":{"title":"SERVICE - PAG Willmop (fr)","robots":{"index":"index","follow":"follow","max-snippet":"max-snippet:-1","max-image-preview":"max-image-preview:large","max-video-preview":"max-video-preview:-1"},"canonical":"https:\/\/pag-willmop.ch\/fr\/service\/","og_locale":"de_DE","og_type":"article","og_title":"SERVICE - PAG Willmop (fr)","og_description":"DEUTSCHITALIANOLes sp\u00e9cialistes de PAG Tech AG form\u00e9s en usine effectuent pour vous tous les travaux de service, de garantie et de maintenance sur toutes les machines de nettoyage PAG WILLMOP et TSM - de mani\u00e8re parfaite, rapide et fiable. Pour que vous puissiez utiliser vos machines de nettoyage pendant longtemps!- Nous nous r\u00e9jouissons de votre [&hellip;]","og_url":"https:\/\/pag-willmop.ch\/fr\/service\/","og_site_name":"PAG Willmop (fr)","article_modified_time":"2021-03-17T10:17:26+00:00","twitter_card":"summary_large_image","twitter_misc":{"Gesch\u00e4tzte Lesezeit":"3\u00a0Minuten"},"schema":{"@context":"https:\/\/schema.org","@graph":[{"@type":"WebPage","@id":"https:\/\/pag-willmop.ch\/fr\/service\/","url":"https:\/\/pag-willmop.ch\/fr\/service\/","name":"SERVICE - PAG Willmop (fr)","isPartOf":{"@id":"https:\/\/pag-willmop.ch\/fr\/#website"},"datePublished":"2020-11-08T13:37:54+00:00","dateModified":"2021-03-17T10:17:26+00:00","breadcrumb":{"@id":"https:\/\/pag-willmop.ch\/fr\/service\/#breadcrumb"},"inLanguage":"de","potentialAction":[{"@type":"ReadAction","target":["https:\/\/pag-willmop.ch\/fr\/service\/"]}]},{"@type":"BreadcrumbList","@id":"https:\/\/pag-willmop.ch\/fr\/service\/#breadcrumb","itemListElement":[{"@type":"ListItem","position":1,"name":"Startseite","item":"https:\/\/pag-willmop.ch\/fr\/"},{"@type":"ListItem","position":2,"name":"SERVICE"}]},{"@type":"WebSite","@id":"https:\/\/pag-willmop.ch\/fr\/#website","url":"https:\/\/pag-willmop.ch\/fr\/","name":"PAG Willmop (fr)","description":"Eine weitere PAG Willmop Website","potentialAction":[{"@type":"SearchAction","target":{"@type":"EntryPoint","urlTemplate":"https:\/\/pag-willmop.ch\/fr\/?s={search_term_string}"},"query-input":"required name=search_term_string"}],"inLanguage":"de"}]}},"_links":{"self":[{"href":"https:\/\/pag-willmop.ch\/fr\/wp-json\/wp\/v2\/pages\/104"}],"collection":[{"href":"https:\/\/pag-willmop.ch\/fr\/wp-json\/wp\/v2\/pages"}],"about":[{"href":"https:\/\/pag-willmop.ch\/fr\/wp-json\/wp\/v2\/types\/page"}],"author":[{"embeddable":true,"href":"https:\/\/pag-willmop.ch\/fr\/wp-json\/wp\/v2\/users\/1"}],"replies":[{"embeddable":true,"href":"https:\/\/pag-willmop.ch\/fr\/wp-json\/wp\/v2\/comments?post=104"}],"version-history":[{"count":9,"href":"https:\/\/pag-willmop.ch\/fr\/wp-json\/wp\/v2\/pages\/104\/revisions"}],"predecessor-version":[{"id":240,"href":"https:\/\/pag-willmop.ch\/fr\/wp-json\/wp\/v2\/pages\/104\/revisions\/240"}],"wp:attachment":[{"href":"https:\/\/pag-willmop.ch\/fr\/wp-json\/wp\/v2\/media?parent=104"}],"curies":[{"name":"wp","href":"https:\/\/api.w.org\/{rel}","templated":true}]}}