{"id":114,"date":"2020-11-08T17:55:07","date_gmt":"2020-11-08T16:55:07","guid":{"rendered":"https:\/\/pag-willmop.ch\/fr\/?page_id=114"},"modified":"2021-04-29T13:52:20","modified_gmt":"2021-04-29T11:52:20","slug":"kontakt","status":"publish","type":"page","link":"https:\/\/pag-willmop.ch\/fr\/kontakt\/","title":{"rendered":"Kontakt"},"content":{"rendered":"<p>[et_pb_section fb_built=&#8220;1&#8243; _builder_version=&#8220;4.6.6&#8243; _module_preset=&#8220;default&#8220;][et_pb_row column_structure=&#8220;1_6,1_6,1_6,1_6,1_6,1_6&#8243; _builder_version=&#8220;4.9.0&#8243; _module_preset=&#8220;default&#8220;][et_pb_column type=&#8220;1_6&#8243; _builder_version=&#8220;4.9.0&#8243; _module_preset=&#8220;default&#8220;][\/et_pb_column][et_pb_column type=&#8220;1_6&#8243; _builder_version=&#8220;4.9.0&#8243; _module_preset=&#8220;default&#8220;][\/et_pb_column][et_pb_column type=&#8220;1_6&#8243; _builder_version=&#8220;4.9.0&#8243; _module_preset=&#8220;default&#8220;][\/et_pb_column][et_pb_column type=&#8220;1_6&#8243; _builder_version=&#8220;4.9.0&#8243; _module_preset=&#8220;default&#8220;][et_pb_text _builder_version=&#8220;4.9.0&#8243; _module_preset=&#8220;default&#8220; background_color=&#8220;#0C71C3&#8243;]<\/p>\n<p style=\"text-align: center;\"><a href=\"https:\/\/pag-willmop.ch\/kontakt\/\"><strong><span style=\"color: #ffffff;\">DEUTSCH<\/span><\/strong><\/a><\/p>\n<p>[\/et_pb_text][\/et_pb_column][et_pb_column type=&#8220;1_6&#8243; _builder_version=&#8220;4.9.0&#8243; _module_preset=&#8220;default&#8220;][\/et_pb_column][et_pb_column type=&#8220;1_6&#8243; _builder_version=&#8220;4.9.0&#8243; _module_preset=&#8220;default&#8220;][et_pb_text _builder_version=&#8220;4.9.0&#8243; _module_preset=&#8220;default&#8220; background_color=&#8220;#0C71C3&#8243;]<\/p>\n<p style=\"text-align: center;\"><a href=\"https:\/\/pag-willmop.ch\/it\/\"><strong><span style=\"color: #ffffff;\">ITALIANO<\/span><\/strong><\/a><\/p>\n<p>[\/et_pb_text][\/et_pb_column][\/et_pb_row][et_pb_row _builder_version=&#8220;4.6.6&#8243; _module_preset=&#8220;default&#8220;][et_pb_column type=&#8220;4_4&#8243; _builder_version=&#8220;4.6.6&#8243; _module_preset=&#8220;default&#8220;][et_pb_image src=&#8220;https:\/\/pag-willmop.ch\/fr\/wp-content\/uploads\/sites\/3\/2020\/11\/50B_1_KOPF.jpg&#8220; title_text=&#8220;50B_1_KOPF&#8220; _builder_version=&#8220;4.6.6&#8243; _module_preset=&#8220;default&#8220;][\/et_pb_image][\/et_pb_column][\/et_pb_row][et_pb_row column_structure=&#8220;1_3,1_3,1_3&#8243; _builder_version=&#8220;4.6.6&#8243; _module_preset=&#8220;default&#8220;][et_pb_column type=&#8220;1_3&#8243; _builder_version=&#8220;4.6.6&#8243; _module_preset=&#8220;default&#8220;][et_pb_text _builder_version=&#8220;4.6.6&#8243; _module_preset=&#8220;default&#8220;]<\/p>\n<p><span class=\"tlid-translation translation\" lang=\"fr\"><span style=\"color: #ff0000;\"><strong><span title=\"\" class=\"\">Contact<\/span><\/strong><\/span><\/p>\n<p><span title=\"\" class=\"\">Merci de visiter notre page Web.<\/span> <span title=\"\" class=\"\">Nous nous r\u00e9jouissons de votre contact.<\/span><br \/><span title=\"\">Nous sommes \u00e0 votre disposition \u00e0 tout moment si vous avez des questions ou des demandes.<\/span><br \/><span style=\"color: #ff0000;\"><strong><span title=\"\">Notre comp\u00e9tence est votre profit!<\/span><\/strong><\/span><\/span><\/p>\n<p>[\/et_pb_text][\/et_pb_column][et_pb_column type=&#8220;1_3&#8243; _builder_version=&#8220;4.6.6&#8243; _module_preset=&#8220;default&#8220;][et_pb_text _builder_version=&#8220;4.9.3&#8243; _module_preset=&#8220;default&#8220; hover_enabled=&#8220;0&#8243; border_width_all=&#8220;10px&#8220; border_color_all=&#8220;#0C71C3&#8243; sticky_enabled=&#8220;0&#8243;]<\/p>\n<div class=\"et_pb_module et_pb_text et_pb_text_1  et_pb_text_align_left et_pb_bg_layout_light\">\n<div class=\"et_pb_text_inner\">\n<p><span style=\"color: #ffffff;\"><strong>Administartion<\/strong><\/span><\/p>\n<p><span style=\"color: #ffffff;\">PAG Tech AG<\/span><br \/><span style=\"color: #ffffff;\">8914 Aeugstertal<\/span><br \/><span style=\"color: #ffffff;\">.<\/span><\/p>\n<p><span style=\"color: #ffffff;\">Telefon\u00a0\u00a0\u00a0\u00a0 +41 44 762 16 70<\/span><br \/><span style=\"color: #ffffff;\">Mail\u00a0\u00a0\u00a0\u00a0\u00a0\u00a0\u00a0\u00a0\u00a0 <\/span><a href=\"mailto:info@pag-tech.ch\" target=\"_blank\" rel=\"noopener noreferrer\"><span style=\"color: #ffffff;\">info(at)pag-tech.ch<\/span><\/a><\/p>\n<\/div>\n<\/div>\n<p>[\/et_pb_text][\/et_pb_column][et_pb_column type=&#8220;1_3&#8243; _builder_version=&#8220;4.6.6&#8243; _module_preset=&#8220;default&#8220;][et_pb_text _builder_version=&#8220;4.9.3&#8243; _module_preset=&#8220;default&#8220; hover_enabled=&#8220;0&#8243; sticky_enabled=&#8220;0&#8243;]<\/p>\n<div class=\"et_pb_module et_pb_text et_pb_text_2  et_pb_text_align_left et_pb_bg_layout_light\">\n<div class=\"et_pb_text_inner\">\n<p><strong><span class=\"tlid-translation translation\" lang=\"fr\"><span title=\"\" class=\"\">Vente |<\/span> <span title=\"\" class=\"\">Travaux de maintenance<\/span><\/span><br \/><\/strong><\/p>\n<p>PAG Tech AG<\/p>\n<p>1462 Yvonand<\/p>\n<p>Telefon\u00a0\u00a0\u00a0\u00a0 +41 24 430 23 00<br \/>Mail\u00a0\u00a0\u00a0\u00a0\u00a0\u00a0\u00a0\u00a0\u00a0<a href=\"mailto:%20info@pag-tech.ch\" target=\"_blank\" rel=\"noopener noreferrer\"> info(at)pag-tech.ch<\/a><\/p>\n<\/div>\n<\/div>\n<p>[\/et_pb_text][\/et_pb_column][\/et_pb_row][et_pb_row _builder_version=&#8220;4.6.6&#8243; _module_preset=&#8220;default&#8220;][et_pb_column type=&#8220;4_4&#8243; _builder_version=&#8220;4.6.6&#8243; _module_preset=&#8220;default&#8220;][et_pb_divider _builder_version=&#8220;4.6.6&#8243; _module_preset=&#8220;default&#8220;][\/et_pb_divider][\/et_pb_column][\/et_pb_row][et_pb_row column_structure=&#8220;2_3,1_3&#8243; _builder_version=&#8220;4.6.6&#8243; _module_preset=&#8220;default&#8220;][et_pb_column type=&#8220;2_3&#8243; _builder_version=&#8220;4.6.6&#8243; _module_preset=&#8220;default&#8220;][et_pb_code _builder_version=&#8220;4.6.6&#8243; _module_preset=&#8220;default&#8220;]<div class=\"wpforms-container wpforms-container-full\" id=\"wpforms-122\"><form id=\"wpforms-form-122\" class=\"wpforms-validate wpforms-form\" data-formid=\"122\" method=\"post\" enctype=\"multipart\/form-data\" action=\"\/fr\/wp-json\/wp\/v2\/pages\/114\" data-token=\"67d90f280a88b0ca6083d4be5152c06e\"><noscript class=\"wpforms-error-noscript\">Bitte aktiviere JavaScript in deinem Browser, um dieses Formular fertigzustellen.<\/noscript><div class=\"wpforms-field-container\"><div id=\"wpforms-122-field_3-container\" class=\"wpforms-field wpforms-field-name\" data-field-id=\"3\"><label class=\"wpforms-field-label wpforms-label-hide\" for=\"wpforms-122-field_3\">Name <span class=\"wpforms-required-label\">*<\/span><\/label><div class=\"wpforms-field-row wpforms-field-large\"><div class=\"wpforms-field-row-block wpforms-first wpforms-one-half\"><input type=\"text\" id=\"wpforms-122-field_3\" class=\"wpforms-field-name-first wpforms-field-required\" name=\"wpforms[fields][3][first]\" placeholder=\"Pr\u00e9nom\" required><label for=\"wpforms-122-field_3\" class=\"wpforms-field-sublabel after wpforms-sublabel-hide\">Vorname<\/label><\/div><div class=\"wpforms-field-row-block wpforms-one-half\"><input type=\"text\" id=\"wpforms-122-field_3-last\" class=\"wpforms-field-name-last wpforms-field-required\" name=\"wpforms[fields][3][last]\" placeholder=\"Nom \" required><label for=\"wpforms-122-field_3-last\" class=\"wpforms-field-sublabel after wpforms-sublabel-hide\">Nachname<\/label><\/div><\/div><\/div><div id=\"wpforms-122-field_2-container\" class=\"wpforms-field wpforms-field-text\" data-field-id=\"2\"><label class=\"wpforms-field-label wpforms-label-hide\" for=\"wpforms-122-field_2\">Einzeiliger Text<\/label><input type=\"text\" id=\"wpforms-122-field_2\" class=\"wpforms-field-large wpforms-limit-characters-enabled\" data-form-id=\"122\" data-field-id=\"2\" data-text-limit=\"1\" name=\"wpforms[fields][2]\" placeholder=\"Adresse\" maxlength=\"1\" ><\/div><div id=\"wpforms-122-field_4-container\" class=\"wpforms-field wpforms-field-name\" data-field-id=\"4\"><label class=\"wpforms-field-label wpforms-label-hide\" for=\"wpforms-122-field_4\">Name <span class=\"wpforms-required-label\">*<\/span><\/label><div class=\"wpforms-field-row wpforms-field-large\"><div class=\"wpforms-field-row-block wpforms-first wpforms-one-half\"><input type=\"text\" id=\"wpforms-122-field_4\" class=\"wpforms-field-name-first wpforms-field-required\" name=\"wpforms[fields][4][first]\" placeholder=\"NPA\" required><label for=\"wpforms-122-field_4\" class=\"wpforms-field-sublabel after wpforms-sublabel-hide\">Vorname<\/label><\/div><div class=\"wpforms-field-row-block wpforms-one-half\"><input type=\"text\" id=\"wpforms-122-field_4-last\" class=\"wpforms-field-name-last wpforms-field-required\" name=\"wpforms[fields][4][last]\" placeholder=\"Lieu\" required><label for=\"wpforms-122-field_4-last\" class=\"wpforms-field-sublabel after wpforms-sublabel-hide\">Nachname<\/label><\/div><\/div><\/div><div id=\"wpforms-122-field_7-container\" class=\"wpforms-field wpforms-field-email\" data-field-id=\"7\"><label class=\"wpforms-field-label wpforms-label-hide\" for=\"wpforms-122-field_7\">E-Mail <span class=\"wpforms-required-label\">*<\/span><\/label><input type=\"email\" id=\"wpforms-122-field_7\" class=\"wpforms-field-large wpforms-field-required\" name=\"wpforms[fields][7]\" placeholder=\"E-mail\" required><\/div><div id=\"wpforms-122-field_5-container\" class=\"wpforms-field wpforms-field-phone\" data-field-id=\"5\"><label class=\"wpforms-field-label wpforms-label-hide\" for=\"wpforms-122-field_5\">Phone<\/label><input type=\"tel\" id=\"wpforms-122-field_5\" class=\"wpforms-field-large wpforms-smart-phone-field\" data-rule-smart-phone-field=\"true\" name=\"wpforms[fields][5]\" placeholder=\"T\u00e9l\u00e9phone\" ><\/div><div id=\"wpforms-122-field_6-container\" class=\"wpforms-field wpforms-field-textarea\" data-field-id=\"6\"><label class=\"wpforms-field-label wpforms-label-hide\" for=\"wpforms-122-field_6\">Textabsatz<\/label><textarea id=\"wpforms-122-field_6\" class=\"wpforms-field-medium wpforms-limit-words-enabled\" data-form-id=\"122\" data-field-id=\"6\" data-text-limit=\"300\" name=\"wpforms[fields][6]\" placeholder=\"Votre message\" ><\/textarea><\/div><\/div><div class=\"wpforms-submit-container\" ><input type=\"hidden\" name=\"wpforms[id]\" value=\"122\"><input type=\"hidden\" name=\"wpforms[author]\" value=\"1\"><button type=\"submit\" name=\"wpforms[submit]\" class=\"wpforms-submit Envoyer\" id=\"wpforms-submit-122\" value=\"wpforms-submit\" aria-live=\"assertive\" data-alt-text=\"Envoyer\" data-submit-text=\"Envoyer\">Envoyer<\/button><\/div><\/form><\/div>  <!-- .wpforms-container -->[\/et_pb_code][\/et_pb_column][et_pb_column type=&#8220;1_3&#8243; _builder_version=&#8220;4.6.6&#8243; _module_preset=&#8220;default&#8220;][et_pb_code _builder_version=&#8220;4.6.6&#8243; _module_preset=&#8220;default&#8220;]<iframe loading=\"lazy\" src=\"https:\/\/www.google.com\/maps\/embed?pb=!1m18!1m12!1m3!1d2710.2382595640374!2d7.738350651127981!3d47.21192017905823!2m3!1f0!2f0!3f0!3m2!1i1024!2i768!4f13.1!3m3!1m2!1s0x47902ac67c514e9d%3A0x6c91a03d057a583e!2sBernstrasse%2049%2C%204922%20Thunstetten!5e0!3m2!1sde!2sch!4v1604913873653!5m2!1sde!2sch\" width=\"600\" height=\"450\" frameborder=\"0\" style=\"border:0;\" allowfullscreen=\"\" aria-hidden=\"false\" tabindex=\"0\"><\/iframe>[\/et_pb_code][\/et_pb_column][\/et_pb_row][\/et_pb_section]<\/p>\n ","protected":false},"excerpt":{"rendered":"<p>DEUTSCHITALIANOContact Merci de visiter notre page Web. Nous nous r\u00e9jouissons de votre contact.Nous sommes \u00e0 votre disposition \u00e0 tout moment si vous avez des questions ou des demandes.Notre comp\u00e9tence est votre profit! Administartion PAG Tech AG8914 Aeugstertal. Telefon\u00a0\u00a0\u00a0\u00a0 +41 44 762 16 70Mail\u00a0\u00a0\u00a0\u00a0\u00a0\u00a0\u00a0\u00a0\u00a0 info(at)pag-tech.ch Vente | Travaux de maintenance PAG Tech AG 1462 Yvonand Telefon\u00a0\u00a0\u00a0\u00a0 [&hellip;]<\/p>\n","protected":false},"author":1,"featured_media":0,"parent":0,"menu_order":0,"comment_status":"closed","ping_status":"closed","template":"","meta":{"_et_pb_use_builder":"on","_et_pb_old_content":"","_et_gb_content_width":"","footnotes":""},"yoast_head":"<!-- This site is optimized with the Yoast SEO plugin v21.2 - https:\/\/yoast.com\/wordpress\/plugins\/seo\/ -->\n<title>Kontakt - PAG Willmop (fr)<\/title>\n<meta name=\"robots\" content=\"index, follow, max-snippet:-1, max-image-preview:large, max-video-preview:-1\" \/>\n<link rel=\"canonical\" href=\"https:\/\/pag-willmop.ch\/fr\/kontakt\/\" \/>\n<meta property=\"og:locale\" content=\"de_DE\" \/>\n<meta property=\"og:type\" content=\"article\" \/>\n<meta property=\"og:title\" content=\"Kontakt - PAG Willmop (fr)\" \/>\n<meta property=\"og:description\" content=\"DEUTSCHITALIANOContact Merci de visiter notre page Web. Nous nous r\u00e9jouissons de votre contact.Nous sommes \u00e0 votre disposition \u00e0 tout moment si vous avez des questions ou des demandes.Notre comp\u00e9tence est votre profit! Administartion PAG Tech AG8914 Aeugstertal. Telefon\u00a0\u00a0\u00a0\u00a0 +41 44 762 16 70Mail\u00a0\u00a0\u00a0\u00a0\u00a0\u00a0\u00a0\u00a0\u00a0 info(at)pag-tech.ch Vente | Travaux de maintenance PAG Tech AG 1462 Yvonand Telefon\u00a0\u00a0\u00a0\u00a0 [&hellip;]\" \/>\n<meta property=\"og:url\" content=\"https:\/\/pag-willmop.ch\/fr\/kontakt\/\" \/>\n<meta property=\"og:site_name\" content=\"PAG Willmop (fr)\" \/>\n<meta property=\"article:modified_time\" content=\"2021-04-29T11:52:20+00:00\" \/>\n<meta name=\"twitter:card\" content=\"summary_large_image\" \/>\n<meta name=\"twitter:label1\" content=\"Gesch\u00e4tzte Lesezeit\" \/>\n\t<meta name=\"twitter:data1\" content=\"2\u00a0Minuten\" \/>\n<script type=\"application\/ld+json\" class=\"yoast-schema-graph\">{\"@context\":\"https:\/\/schema.org\",\"@graph\":[{\"@type\":\"WebPage\",\"@id\":\"https:\/\/pag-willmop.ch\/fr\/kontakt\/\",\"url\":\"https:\/\/pag-willmop.ch\/fr\/kontakt\/\",\"name\":\"Kontakt - PAG Willmop (fr)\",\"isPartOf\":{\"@id\":\"https:\/\/pag-willmop.ch\/fr\/#website\"},\"datePublished\":\"2020-11-08T16:55:07+00:00\",\"dateModified\":\"2021-04-29T11:52:20+00:00\",\"breadcrumb\":{\"@id\":\"https:\/\/pag-willmop.ch\/fr\/kontakt\/#breadcrumb\"},\"inLanguage\":\"de\",\"potentialAction\":[{\"@type\":\"ReadAction\",\"target\":[\"https:\/\/pag-willmop.ch\/fr\/kontakt\/\"]}]},{\"@type\":\"BreadcrumbList\",\"@id\":\"https:\/\/pag-willmop.ch\/fr\/kontakt\/#breadcrumb\",\"itemListElement\":[{\"@type\":\"ListItem\",\"position\":1,\"name\":\"Startseite\",\"item\":\"https:\/\/pag-willmop.ch\/fr\/\"},{\"@type\":\"ListItem\",\"position\":2,\"name\":\"Kontakt\"}]},{\"@type\":\"WebSite\",\"@id\":\"https:\/\/pag-willmop.ch\/fr\/#website\",\"url\":\"https:\/\/pag-willmop.ch\/fr\/\",\"name\":\"PAG Willmop (fr)\",\"description\":\"Eine weitere PAG Willmop Website\",\"potentialAction\":[{\"@type\":\"SearchAction\",\"target\":{\"@type\":\"EntryPoint\",\"urlTemplate\":\"https:\/\/pag-willmop.ch\/fr\/?s={search_term_string}\"},\"query-input\":\"required name=search_term_string\"}],\"inLanguage\":\"de\"}]}<\/script>\n<!-- \/ Yoast SEO plugin. -->","yoast_head_json":{"title":"Kontakt - PAG Willmop (fr)","robots":{"index":"index","follow":"follow","max-snippet":"max-snippet:-1","max-image-preview":"max-image-preview:large","max-video-preview":"max-video-preview:-1"},"canonical":"https:\/\/pag-willmop.ch\/fr\/kontakt\/","og_locale":"de_DE","og_type":"article","og_title":"Kontakt - PAG Willmop (fr)","og_description":"DEUTSCHITALIANOContact Merci de visiter notre page Web. Nous nous r\u00e9jouissons de votre contact.Nous sommes \u00e0 votre disposition \u00e0 tout moment si vous avez des questions ou des demandes.Notre comp\u00e9tence est votre profit! Administartion PAG Tech AG8914 Aeugstertal. Telefon\u00a0\u00a0\u00a0\u00a0 +41 44 762 16 70Mail\u00a0\u00a0\u00a0\u00a0\u00a0\u00a0\u00a0\u00a0\u00a0 info(at)pag-tech.ch Vente | Travaux de maintenance PAG Tech AG 1462 Yvonand Telefon\u00a0\u00a0\u00a0\u00a0 [&hellip;]","og_url":"https:\/\/pag-willmop.ch\/fr\/kontakt\/","og_site_name":"PAG Willmop (fr)","article_modified_time":"2021-04-29T11:52:20+00:00","twitter_card":"summary_large_image","twitter_misc":{"Gesch\u00e4tzte Lesezeit":"2\u00a0Minuten"},"schema":{"@context":"https:\/\/schema.org","@graph":[{"@type":"WebPage","@id":"https:\/\/pag-willmop.ch\/fr\/kontakt\/","url":"https:\/\/pag-willmop.ch\/fr\/kontakt\/","name":"Kontakt - PAG Willmop (fr)","isPartOf":{"@id":"https:\/\/pag-willmop.ch\/fr\/#website"},"datePublished":"2020-11-08T16:55:07+00:00","dateModified":"2021-04-29T11:52:20+00:00","breadcrumb":{"@id":"https:\/\/pag-willmop.ch\/fr\/kontakt\/#breadcrumb"},"inLanguage":"de","potentialAction":[{"@type":"ReadAction","target":["https:\/\/pag-willmop.ch\/fr\/kontakt\/"]}]},{"@type":"BreadcrumbList","@id":"https:\/\/pag-willmop.ch\/fr\/kontakt\/#breadcrumb","itemListElement":[{"@type":"ListItem","position":1,"name":"Startseite","item":"https:\/\/pag-willmop.ch\/fr\/"},{"@type":"ListItem","position":2,"name":"Kontakt"}]},{"@type":"WebSite","@id":"https:\/\/pag-willmop.ch\/fr\/#website","url":"https:\/\/pag-willmop.ch\/fr\/","name":"PAG Willmop (fr)","description":"Eine weitere PAG Willmop Website","potentialAction":[{"@type":"SearchAction","target":{"@type":"EntryPoint","urlTemplate":"https:\/\/pag-willmop.ch\/fr\/?s={search_term_string}"},"query-input":"required name=search_term_string"}],"inLanguage":"de"}]}},"_links":{"self":[{"href":"https:\/\/pag-willmop.ch\/fr\/wp-json\/wp\/v2\/pages\/114"}],"collection":[{"href":"https:\/\/pag-willmop.ch\/fr\/wp-json\/wp\/v2\/pages"}],"about":[{"href":"https:\/\/pag-willmop.ch\/fr\/wp-json\/wp\/v2\/types\/page"}],"author":[{"embeddable":true,"href":"https:\/\/pag-willmop.ch\/fr\/wp-json\/wp\/v2\/users\/1"}],"replies":[{"embeddable":true,"href":"https:\/\/pag-willmop.ch\/fr\/wp-json\/wp\/v2\/comments?post=114"}],"version-history":[{"count":10,"href":"https:\/\/pag-willmop.ch\/fr\/wp-json\/wp\/v2\/pages\/114\/revisions"}],"predecessor-version":[{"id":250,"href":"https:\/\/pag-willmop.ch\/fr\/wp-json\/wp\/v2\/pages\/114\/revisions\/250"}],"wp:attachment":[{"href":"https:\/\/pag-willmop.ch\/fr\/wp-json\/wp\/v2\/media?parent=114"}],"curies":[{"name":"wp","href":"https:\/\/api.w.org\/{rel}","templated":true}]}}