{"id":133,"date":"2020-11-09T10:45:45","date_gmt":"2020-11-09T09:45:45","guid":{"rendered":"https:\/\/pag-willmop.ch\/fr\/?page_id=133"},"modified":"2021-04-29T13:53:35","modified_gmt":"2021-04-29T11:53:35","slug":"vorfuehrungen","status":"publish","type":"page","link":"https:\/\/pag-willmop.ch\/fr\/vorfuehrungen\/","title":{"rendered":"Vorf\u00fchrungen"},"content":{"rendered":"<p>[et_pb_section fb_built=&#8220;1&#8243; _builder_version=&#8220;4.6.6&#8243; _module_preset=&#8220;default&#8220;][et_pb_row column_structure=&#8220;1_6,1_6,1_6,1_6,1_6,1_6&#8243; _builder_version=&#8220;4.9.0&#8243; _module_preset=&#8220;default&#8220;][et_pb_column type=&#8220;1_6&#8243; _builder_version=&#8220;4.9.0&#8243; _module_preset=&#8220;default&#8220;][\/et_pb_column][et_pb_column type=&#8220;1_6&#8243; _builder_version=&#8220;4.9.0&#8243; _module_preset=&#8220;default&#8220;][\/et_pb_column][et_pb_column type=&#8220;1_6&#8243; _builder_version=&#8220;4.9.0&#8243; _module_preset=&#8220;default&#8220;][\/et_pb_column][et_pb_column type=&#8220;1_6&#8243; _builder_version=&#8220;4.9.0&#8243; _module_preset=&#8220;default&#8220;][et_pb_text _builder_version=&#8220;4.9.0&#8243; _module_preset=&#8220;default&#8220; background_color=&#8220;#0C71C3&#8243;]<\/p>\n<p style=\"text-align: center;\"><a href=\"https:\/\/pag-willmop.ch\/it\/vorfuehrungen\/\"><span style=\"color: #ffffff;\"><strong>DEUTSCH<\/strong><\/span><\/a><\/p>\n<p>[\/et_pb_text][\/et_pb_column][et_pb_column type=&#8220;1_6&#8243; _builder_version=&#8220;4.9.0&#8243; _module_preset=&#8220;default&#8220;][\/et_pb_column][et_pb_column type=&#8220;1_6&#8243; _builder_version=&#8220;4.9.0&#8243; _module_preset=&#8220;default&#8220;][et_pb_text _builder_version=&#8220;4.9.0&#8243; _module_preset=&#8220;default&#8220; background_color=&#8220;#0C71C3&#8243;]<\/p>\n<p style=\"text-align: center;\"><a href=\"https:\/\/pag-willmop.ch\/it\/vorfuehrungen\/\"><strong><span style=\"color: #ffffff;\">ITALIANO<\/span><\/strong><\/a><\/p>\n<p>[\/et_pb_text][\/et_pb_column][\/et_pb_row][et_pb_row _builder_version=&#8220;4.6.6&#8243; _module_preset=&#8220;default&#8220;][et_pb_column type=&#8220;4_4&#8243; _builder_version=&#8220;4.6.6&#8243; _module_preset=&#8220;default&#8220;][et_pb_image src=&#8220;https:\/\/pag-willmop.ch\/fr\/wp-content\/uploads\/sites\/3\/2020\/11\/KOPFBILD_3.jpg&#8220; alt=&#8220;Willmop&#8220; title_text=&#8220;KOPFBILD_3&#8243; _builder_version=&#8220;4.6.6&#8243; _module_preset=&#8220;default&#8220;][\/et_pb_image][\/et_pb_column][\/et_pb_row][et_pb_row column_structure=&#8220;1_3,1_3,1_3&#8243; _builder_version=&#8220;4.6.6&#8243; _module_preset=&#8220;default&#8220;][et_pb_column type=&#8220;1_3&#8243; _builder_version=&#8220;4.6.6&#8243; _module_preset=&#8220;default&#8220;][\/et_pb_column][et_pb_column type=&#8220;1_3&#8243; _builder_version=&#8220;4.6.6&#8243; _module_preset=&#8220;default&#8220;][et_pb_text _builder_version=&#8220;4.6.6&#8243; _module_preset=&#8220;default&#8220;]<\/p>\n<p><strong>Merci de nous avoir contact\u00e9s !<\/strong><\/p>\n<p><strong>Nous serions heureux de vous pr\u00e9senter les qualit\u00e9s du nouveau PAG Willmop lors d&#8217;une d\u00e9monstration.<\/strong><\/p>\n<p><strong>Laissez-nous vous surprendre et vous convaincre !<\/strong><br \/><strong>Nous nous en r\u00e9jouissons.<\/strong><\/p>\n<p>[\/et_pb_text][\/et_pb_column][et_pb_column type=&#8220;1_3&#8243; _builder_version=&#8220;4.6.6&#8243; _module_preset=&#8220;default&#8220;][\/et_pb_column][\/et_pb_row][et_pb_row _builder_version=&#8220;4.6.6&#8243; _module_preset=&#8220;default&#8220;][et_pb_column type=&#8220;4_4&#8243; _builder_version=&#8220;4.6.6&#8243; _module_preset=&#8220;default&#8220;][et_pb_divider _builder_version=&#8220;4.6.6&#8243; _module_preset=&#8220;default&#8220;][\/et_pb_divider][\/et_pb_column][\/et_pb_row][et_pb_row column_structure=&#8220;1_3,1_3,1_3&#8243; _builder_version=&#8220;4.6.6&#8243; _module_preset=&#8220;default&#8220;][et_pb_column type=&#8220;1_3&#8243; _builder_version=&#8220;4.6.6&#8243; _module_preset=&#8220;default&#8220;][et_pb_text _builder_version=&#8220;4.6.6&#8243; _module_preset=&#8220;default&#8220;]<\/p>\n<p><span style=\"color: #ff0000;\"><strong>Votre personne de contact<\/strong><\/span><br \/> <span style=\"color: #ff0000;\"><strong>Suisse romande <span class=\"VIiyi\" jsaction=\"mouseup:BR6jm\" jsname=\"jqKxS\" lang=\"fr\"><span jsaction=\"agoMJf:PFBcW;usxOmf:aWLT7;jhKsnd:P7O7bd,F8DmGf;Q4AGo:Gm7gYd,qAKMYb;uFUCPb:pvnm0e,pfE8Hb,PFBcW;f56efd:dJXsye;EnoYf:KNzws,ZJsZZ,JgVSJc;zdMJQc:cCQNKb,ZJsZZ,zchEXc;Ytrrj:JJDvdc;tNR8yc:GeFvjb;oFN6Ye:hij5Wb\" jscontroller=\"Zl5N8\" jsmodel=\"SsMkhd\" jsname=\"txFAF\" class=\"JLqJ4b ChMk0b\" data-language-for-alternatives=\"fr\" data-language-to-translate-into=\"de\" data-phrase-index=\"0\" jsdata=\"uqLsIf;_;$48\"><span jsaction=\"click:qtZ4nf,GFf3ac,tMZCfe; mousedown:evWYGf,niacOc; mouseout:Nqw7Te; mouseover:qtZ4nf,c2aHje\" jsname=\"W297wb\">et le reste de la Suisse<\/span><\/span><\/span><br \/><\/strong><\/span><\/p>\n<p>[\/et_pb_text][et_pb_text _builder_version=&#8220;4.7.7&#8243; _module_preset=&#8220;default&#8220; custom_margin=&#8220;0px||||false|false&#8220; custom_padding=&#8220;48px||||false|false&#8220;]<\/p>\n<p><span style=\"color: #ff0000;\"><strong>Votre personne de contact<\/strong><\/span><br \/> <span style=\"color: #ff0000;\"><strong>R\u00e9gion Suisse orientale et Grison<\/strong><\/span><\/p>\n<p>&nbsp;<\/p>\n<p><span style=\"color: #ff0000;\"><strong><\/strong><\/span><\/p>\n<p><span style=\"color: #ff0000;\"><strong><\/strong><\/span><\/p>\n<p>[\/et_pb_text][et_pb_text _builder_version=&#8220;4.7.7&#8243; _module_preset=&#8220;default&#8220; custom_margin=&#8220;-4px||||false|false&#8220; custom_padding=&#8220;0px||0px||false|false&#8220;]<\/p>\n<p><span style=\"color: #ff0000;\"><strong>Votre personne de contact<\/strong><\/span><br \/> <span style=\"color: #ff0000;\"><strong>R\u00e9gion p<span class=\"VIiyi\" jsaction=\"mouseup:BR6jm\" jsname=\"jqKxS\" lang=\"fr\"><span jsaction=\"agoMJf:PFBcW;usxOmf:aWLT7;jhKsnd:P7O7bd,F8DmGf;Q4AGo:Gm7gYd,qAKMYb;uFUCPb:pvnm0e,pfE8Hb,PFBcW;f56efd:dJXsye;EnoYf:KNzws,ZJsZZ,JgVSJc;zdMJQc:cCQNKb,ZJsZZ,zchEXc;Ytrrj:JJDvdc;tNR8yc:GeFvjb;oFN6Ye:hij5Wb\" jscontroller=\"Zl5N8\" jsmodel=\"SsMkhd\" jsname=\"txFAF\" class=\"JLqJ4b ChMk0b\" data-language-for-alternatives=\"fr\" data-language-to-translate-into=\"de\" data-phrase-index=\"0\" jsdata=\"uqLsIf;_;$72\"><span jsaction=\"click:qtZ4nf,GFf3ac,tMZCfe; mousedown:evWYGf,niacOc; mouseout:Nqw7Te; mouseover:qtZ4nf,c2aHje\" jsname=\"W297wb\">lateau suisse<\/span><\/span><\/span><br \/> <\/strong><\/span><\/p>\n<p>[\/et_pb_text][\/et_pb_column][et_pb_column type=&#8220;1_3&#8243; _builder_version=&#8220;4.6.6&#8243; _module_preset=&#8220;default&#8220;][et_pb_text _builder_version=&#8220;4.9.3&#8243; _module_preset=&#8220;default&#8220; hover_enabled=&#8220;0&#8243; sticky_enabled=&#8220;0&#8243;]<\/p>\n<p><strong>Thomas Corleis<\/strong><\/p>\n<p>Natel \u00a0 \u00a0 \u00a0 \u00a0\u00a0 \u00a0\u00a0 +41 78 704 92 11<br \/>T\u00e9l\u00e9phone\u00a0\u00a0\u00a0 +41 24 430 23 00<br \/>E-mail\u00a0\u00a0\u00a0\u00a0\u00a0\u00a0\u00a0 \u00a0\u00a0\u00a0 <a href=\"mailto:t.corleis@pag-tech.ch\" target=\"_blank\" rel=\"noopener noreferrer\">t.corleis(at)pag-tech.ch<\/a><\/p>\n<p>[\/et_pb_text][et_pb_text _builder_version=&#8220;4.9.3&#8243; _module_preset=&#8220;default&#8220; hover_enabled=&#8220;0&#8243; sticky_enabled=&#8220;0&#8243;]<\/p>\n<p><strong>Oskar Brunschwiler<\/strong><\/p>\n<p>T\u00e9l\u00e9phone \u00a0 +41 78 609 50 70<br \/>E-mail\u00a0\u00a0\u00a0\u00a0\u00a0\u00a0\u00a0 \u00a0\u00a0 <a href=\"mailto:info@pag-tech.ch\" target=\"_blank\" rel=\"noopener noreferrer\" title=\"w.stadler@pag-tech.ch\">o.brunschwiler(at)pag-tech.ch<br \/><span style=\"color: #ffffff;\">.<\/span><br \/><\/a><\/p>\n<p>[\/et_pb_text][et_pb_text _builder_version=&#8220;4.9.3&#8243; _module_preset=&#8220;default&#8220; hover_enabled=&#8220;0&#8243; sticky_enabled=&#8220;0&#8243;]<\/p>\n<p><strong>Walter Stalder<br \/><\/strong><\/p>\n<p>T\u00e9l\u00e9phone \u00a0 +41 78 948 96 26<br \/>E-mail\u00a0\u00a0\u00a0\u00a0\u00a0\u00a0\u00a0 \u00a0\u00a0 <a href=\"mailto:info@pag-tech.ch\" target=\"_blank\" rel=\"noopener noreferrer\" title=\"w.stadler@pag-tech.ch\">w.stalder(at)pag-tech.ch<\/a><\/p>\n<p>[\/et_pb_text][\/et_pb_column][et_pb_column type=&#8220;1_3&#8243; _builder_version=&#8220;4.6.6&#8243; _module_preset=&#8220;default&#8220;][\/et_pb_column][\/et_pb_row][\/et_pb_section]<\/p>\n ","protected":false},"excerpt":{"rendered":"<p>DEUTSCHITALIANOMerci de nous avoir contact\u00e9s ! Nous serions heureux de vous pr\u00e9senter les qualit\u00e9s du nouveau PAG Willmop lors d&#8217;une d\u00e9monstration. Laissez-nous vous surprendre et vous convaincre !Nous nous en r\u00e9jouissons.Votre personne de contact Suisse romande et le reste de la SuisseVotre personne de contact R\u00e9gion Suisse orientale et Grison &nbsp; Votre personne de contact [&hellip;]<\/p>\n","protected":false},"author":1,"featured_media":0,"parent":0,"menu_order":0,"comment_status":"closed","ping_status":"closed","template":"","meta":{"_et_pb_use_builder":"on","_et_pb_old_content":"","_et_gb_content_width":"","footnotes":""},"yoast_head":"<!-- This site is optimized with the Yoast SEO plugin v21.2 - https:\/\/yoast.com\/wordpress\/plugins\/seo\/ -->\n<title>Vorf\u00fchrungen - PAG Willmop (fr)<\/title>\n<meta name=\"robots\" content=\"index, follow, max-snippet:-1, max-image-preview:large, max-video-preview:-1\" \/>\n<link rel=\"canonical\" href=\"https:\/\/pag-willmop.ch\/fr\/vorfuehrungen\/\" \/>\n<meta property=\"og:locale\" content=\"de_DE\" \/>\n<meta property=\"og:type\" content=\"article\" \/>\n<meta property=\"og:title\" content=\"Vorf\u00fchrungen - PAG Willmop (fr)\" \/>\n<meta property=\"og:description\" content=\"DEUTSCHITALIANOMerci de nous avoir contact\u00e9s ! Nous serions heureux de vous pr\u00e9senter les qualit\u00e9s du nouveau PAG Willmop lors d&#039;une d\u00e9monstration. Laissez-nous vous surprendre et vous convaincre !Nous nous en r\u00e9jouissons.Votre personne de contact Suisse romande et le reste de la SuisseVotre personne de contact R\u00e9gion Suisse orientale et Grison &nbsp; Votre personne de contact [&hellip;]\" \/>\n<meta property=\"og:url\" content=\"https:\/\/pag-willmop.ch\/fr\/vorfuehrungen\/\" \/>\n<meta property=\"og:site_name\" content=\"PAG Willmop (fr)\" \/>\n<meta property=\"article:modified_time\" content=\"2021-04-29T11:53:35+00:00\" \/>\n<meta name=\"twitter:card\" content=\"summary_large_image\" \/>\n<meta name=\"twitter:label1\" content=\"Gesch\u00e4tzte Lesezeit\" \/>\n\t<meta name=\"twitter:data1\" content=\"3\u00a0Minuten\" \/>\n<script type=\"application\/ld+json\" class=\"yoast-schema-graph\">{\"@context\":\"https:\/\/schema.org\",\"@graph\":[{\"@type\":\"WebPage\",\"@id\":\"https:\/\/pag-willmop.ch\/fr\/vorfuehrungen\/\",\"url\":\"https:\/\/pag-willmop.ch\/fr\/vorfuehrungen\/\",\"name\":\"Vorf\u00fchrungen - PAG Willmop (fr)\",\"isPartOf\":{\"@id\":\"https:\/\/pag-willmop.ch\/fr\/#website\"},\"datePublished\":\"2020-11-09T09:45:45+00:00\",\"dateModified\":\"2021-04-29T11:53:35+00:00\",\"breadcrumb\":{\"@id\":\"https:\/\/pag-willmop.ch\/fr\/vorfuehrungen\/#breadcrumb\"},\"inLanguage\":\"de\",\"potentialAction\":[{\"@type\":\"ReadAction\",\"target\":[\"https:\/\/pag-willmop.ch\/fr\/vorfuehrungen\/\"]}]},{\"@type\":\"BreadcrumbList\",\"@id\":\"https:\/\/pag-willmop.ch\/fr\/vorfuehrungen\/#breadcrumb\",\"itemListElement\":[{\"@type\":\"ListItem\",\"position\":1,\"name\":\"Startseite\",\"item\":\"https:\/\/pag-willmop.ch\/fr\/\"},{\"@type\":\"ListItem\",\"position\":2,\"name\":\"Vorf\u00fchrungen\"}]},{\"@type\":\"WebSite\",\"@id\":\"https:\/\/pag-willmop.ch\/fr\/#website\",\"url\":\"https:\/\/pag-willmop.ch\/fr\/\",\"name\":\"PAG Willmop (fr)\",\"description\":\"Eine weitere PAG Willmop Website\",\"potentialAction\":[{\"@type\":\"SearchAction\",\"target\":{\"@type\":\"EntryPoint\",\"urlTemplate\":\"https:\/\/pag-willmop.ch\/fr\/?s={search_term_string}\"},\"query-input\":\"required name=search_term_string\"}],\"inLanguage\":\"de\"}]}<\/script>\n<!-- \/ Yoast SEO plugin. -->","yoast_head_json":{"title":"Vorf\u00fchrungen - PAG Willmop (fr)","robots":{"index":"index","follow":"follow","max-snippet":"max-snippet:-1","max-image-preview":"max-image-preview:large","max-video-preview":"max-video-preview:-1"},"canonical":"https:\/\/pag-willmop.ch\/fr\/vorfuehrungen\/","og_locale":"de_DE","og_type":"article","og_title":"Vorf\u00fchrungen - PAG Willmop (fr)","og_description":"DEUTSCHITALIANOMerci de nous avoir contact\u00e9s ! Nous serions heureux de vous pr\u00e9senter les qualit\u00e9s du nouveau PAG Willmop lors d'une d\u00e9monstration. Laissez-nous vous surprendre et vous convaincre !Nous nous en r\u00e9jouissons.Votre personne de contact Suisse romande et le reste de la SuisseVotre personne de contact R\u00e9gion Suisse orientale et Grison &nbsp; Votre personne de contact [&hellip;]","og_url":"https:\/\/pag-willmop.ch\/fr\/vorfuehrungen\/","og_site_name":"PAG Willmop (fr)","article_modified_time":"2021-04-29T11:53:35+00:00","twitter_card":"summary_large_image","twitter_misc":{"Gesch\u00e4tzte Lesezeit":"3\u00a0Minuten"},"schema":{"@context":"https:\/\/schema.org","@graph":[{"@type":"WebPage","@id":"https:\/\/pag-willmop.ch\/fr\/vorfuehrungen\/","url":"https:\/\/pag-willmop.ch\/fr\/vorfuehrungen\/","name":"Vorf\u00fchrungen - PAG Willmop (fr)","isPartOf":{"@id":"https:\/\/pag-willmop.ch\/fr\/#website"},"datePublished":"2020-11-09T09:45:45+00:00","dateModified":"2021-04-29T11:53:35+00:00","breadcrumb":{"@id":"https:\/\/pag-willmop.ch\/fr\/vorfuehrungen\/#breadcrumb"},"inLanguage":"de","potentialAction":[{"@type":"ReadAction","target":["https:\/\/pag-willmop.ch\/fr\/vorfuehrungen\/"]}]},{"@type":"BreadcrumbList","@id":"https:\/\/pag-willmop.ch\/fr\/vorfuehrungen\/#breadcrumb","itemListElement":[{"@type":"ListItem","position":1,"name":"Startseite","item":"https:\/\/pag-willmop.ch\/fr\/"},{"@type":"ListItem","position":2,"name":"Vorf\u00fchrungen"}]},{"@type":"WebSite","@id":"https:\/\/pag-willmop.ch\/fr\/#website","url":"https:\/\/pag-willmop.ch\/fr\/","name":"PAG Willmop (fr)","description":"Eine weitere PAG Willmop Website","potentialAction":[{"@type":"SearchAction","target":{"@type":"EntryPoint","urlTemplate":"https:\/\/pag-willmop.ch\/fr\/?s={search_term_string}"},"query-input":"required name=search_term_string"}],"inLanguage":"de"}]}},"_links":{"self":[{"href":"https:\/\/pag-willmop.ch\/fr\/wp-json\/wp\/v2\/pages\/133"}],"collection":[{"href":"https:\/\/pag-willmop.ch\/fr\/wp-json\/wp\/v2\/pages"}],"about":[{"href":"https:\/\/pag-willmop.ch\/fr\/wp-json\/wp\/v2\/types\/page"}],"author":[{"embeddable":true,"href":"https:\/\/pag-willmop.ch\/fr\/wp-json\/wp\/v2\/users\/1"}],"replies":[{"embeddable":true,"href":"https:\/\/pag-willmop.ch\/fr\/wp-json\/wp\/v2\/comments?post=133"}],"version-history":[{"count":12,"href":"https:\/\/pag-willmop.ch\/fr\/wp-json\/wp\/v2\/pages\/133\/revisions"}],"predecessor-version":[{"id":253,"href":"https:\/\/pag-willmop.ch\/fr\/wp-json\/wp\/v2\/pages\/133\/revisions\/253"}],"wp:attachment":[{"href":"https:\/\/pag-willmop.ch\/fr\/wp-json\/wp\/v2\/media?parent=133"}],"curies":[{"name":"wp","href":"https:\/\/api.w.org\/{rel}","templated":true}]}}