{"id":39,"date":"2020-11-05T23:03:40","date_gmt":"2020-11-05T22:03:40","guid":{"rendered":"https:\/\/pag-willmop.ch\/fr\/?page_id=39"},"modified":"2021-03-04T15:07:39","modified_gmt":"2021-03-04T14:07:39","slug":"home-willmop-tsm-ecoray-brio","status":"publish","type":"page","link":"https:\/\/pag-willmop.ch\/fr\/","title":{"rendered":"Home"},"content":{"rendered":"<p>[et_pb_section fb_built=&#8220;1&#8243; _builder_version=&#8220;4.6.6&#8243; _module_preset=&#8220;default&#8220;][et_pb_row column_structure=&#8220;1_6,1_6,1_6,1_6,1_6,1_6&#8243; _builder_version=&#8220;4.6.6&#8243; _module_preset=&#8220;default&#8220;][et_pb_column type=&#8220;1_6&#8243; _builder_version=&#8220;4.6.6&#8243; _module_preset=&#8220;default&#8220;][\/et_pb_column][et_pb_column type=&#8220;1_6&#8243; _builder_version=&#8220;4.6.6&#8243; _module_preset=&#8220;default&#8220;][\/et_pb_column][et_pb_column type=&#8220;1_6&#8243; _builder_version=&#8220;4.6.6&#8243; _module_preset=&#8220;default&#8220;][\/et_pb_column][et_pb_column type=&#8220;1_6&#8243; _builder_version=&#8220;4.6.6&#8243; _module_preset=&#8220;default&#8220;][et_pb_text _builder_version=&#8220;4.9.0&#8243; _module_preset=&#8220;default&#8220; background_color=&#8220;#0c71c3&#8243; link_option_url=&#8220;www.pag-willmop.ch&#8220; hover_enabled=&#8220;0&#8243; sticky_enabled=&#8220;0&#8243;]<\/p>\n<p style=\"text-align: center;\"><a href=\"https:\/\/pag-willmop.ch\/home-willmop-tsm-ecoray-brio\/\"><strong><span style=\"color: #ffffff;\">DEUTSCH<\/span><\/strong><\/a><\/p>\n<p>[\/et_pb_text][\/et_pb_column][et_pb_column type=&#8220;1_6&#8243; _builder_version=&#8220;4.6.6&#8243; _module_preset=&#8220;default&#8220;][\/et_pb_column][et_pb_column type=&#8220;1_6&#8243; _builder_version=&#8220;4.6.6&#8243; _module_preset=&#8220;default&#8220;][et_pb_text _builder_version=&#8220;4.9.0&#8243; _module_preset=&#8220;default&#8220; background_color=&#8220;#0c71c3&#8243; link_option_url=&#8220;www.pag-willmop.ch&#8220; hover_enabled=&#8220;0&#8243; sticky_enabled=&#8220;0&#8243;]<\/p>\n<p style=\"text-align: center;\"><a href=\"https:\/\/pag-willmop.ch\/it\/\"><strong><span style=\"color: #ffffff;\">ITALIANO<\/span><\/strong><\/a><\/p>\n<p>[\/et_pb_text][\/et_pb_column][\/et_pb_row][\/et_pb_section][et_pb_section fb_built=&#8220;1&#8243; _builder_version=&#8220;4.6.6&#8243; _module_preset=&#8220;default&#8220; custom_margin=&#8220;-60px||||false|false&#8220;][et_pb_row _builder_version=&#8220;4.6.6&#8243; _module_preset=&#8220;default&#8220;][et_pb_column type=&#8220;4_4&#8243; _builder_version=&#8220;4.6.6&#8243; _module_preset=&#8220;default&#8220;][et_pb_image src=&#8220;https:\/\/pag-willmop.ch\/fr\/wp-content\/uploads\/sites\/3\/2020\/11\/KOPFBILD_FRONTSEITE_franz_311020-Kopie.jpg&#8220; alt=&#8220;PAG Willmop&#8220; title_text=&#8220;KOPFBILD_FRONTSEITE_franz_311020 Kopie&#8220; align=&#8220;center&#8220; force_fullwidth=&#8220;on&#8220; _builder_version=&#8220;4.6.6&#8243; _module_preset=&#8220;default&#8220;][\/et_pb_image][\/et_pb_column][\/et_pb_row][\/et_pb_section]<\/p>\n ","protected":false},"excerpt":{"rendered":"<p>Maniabilit\u00e9 simplifi\u00e9e dans les espaces bond\u00e9s.<\/p>\n<p>Centres commerciaux, ho\u0302pitaux, e\u0301tablissements scolaires, restaurants et salles de sports, autant de lieus diffe\u0301rents qui demandent de trouver des re\u0301ponses de nettoyage adapte\u0301es a\u0300 chaque situation : Surfaces encombre\u0301es,<\/p>\n<p>lieus exigus, attentes en mesure d\u2019hygie\u0300ne tre\u0300s e\u0301leve\u0301es, endroits tre\u0300s fre\u0301quente\u0301s. Pour re\u0301pondre a\u0300 l\u2019ensemble de ces proble\u0301matiques et simplifier le travail des agents, il faut les e\u0301quiper du mate\u0301riel le mieux adapte\u0301.<\/p>\n<p>Pour toutes ces raisons, nous avons de\u0301veloppe\u0301 la WILLMOP 50, la plus maniable et le\u0301ge\u0300re des autolaveuses verticales<br \/>\ndu marche\u0301, combinant a\u0300 la fois les hautes performances d\u2019une machine professionnelle et la flexibilite\u0301 du lavage manuel. Ajoutons a\u0300 cela, des batteries de nouvelle ge\u0301ne\u0301ration au lithium, facilement changeables, qui permettent une utilisation en quasi continue<\/p>\n","protected":false},"author":1,"featured_media":29,"parent":46,"menu_order":1,"comment_status":"closed","ping_status":"closed","template":"","meta":{"_et_pb_use_builder":"on","_et_pb_old_content":"","_et_gb_content_width":"","footnotes":""},"yoast_head":"<!-- This site is optimized with the Yoast SEO plugin v21.2 - https:\/\/yoast.com\/wordpress\/plugins\/seo\/ -->\n<title>Willmop, Ecoray, home , Le nouveau PAG Willmop est disponible<\/title>\n<meta name=\"description\" content=\"Willmop, balai \u00e0 franges sans fil, tsm, stand up, iMop, brio, balai \u00e0 franges, balai \u00e0 franges autonome, ecoray, machines de nettoyage\" \/>\n<meta name=\"robots\" content=\"index, follow, max-snippet:-1, max-image-preview:large, max-video-preview:-1\" \/>\n<link rel=\"canonical\" href=\"https:\/\/pag-willmop.ch\/fr\/\" \/>\n<meta property=\"og:locale\" content=\"de_DE\" \/>\n<meta property=\"og:type\" content=\"article\" \/>\n<meta property=\"og:title\" content=\"Willmop, Ecoray, home , Le nouveau PAG Willmop est disponible\" \/>\n<meta property=\"og:description\" content=\"Willmop, balai \u00e0 franges sans fil, tsm, stand up, iMop, brio, balai \u00e0 franges, balai \u00e0 franges autonome, ecoray, machines de nettoyage\" \/>\n<meta property=\"og:url\" content=\"https:\/\/pag-willmop.ch\/fr\/\" \/>\n<meta property=\"og:site_name\" content=\"PAG Willmop (fr)\" \/>\n<meta property=\"article:modified_time\" content=\"2021-03-04T14:07:39+00:00\" \/>\n<meta property=\"og:image\" content=\"https:\/\/pag-willmop.ch\/fr\/wp-content\/uploads\/sites\/3\/2020\/11\/WILLMOP_6.jpg\" \/>\n\t<meta property=\"og:image:width\" content=\"1200\" \/>\n\t<meta property=\"og:image:height\" content=\"1200\" \/>\n\t<meta property=\"og:image:type\" content=\"image\/jpeg\" \/>\n<meta name=\"twitter:card\" content=\"summary_large_image\" \/>\n<meta name=\"twitter:label1\" content=\"Gesch\u00e4tzte Lesezeit\" \/>\n\t<meta name=\"twitter:data1\" content=\"1\u00a0Minute\" \/>\n<script type=\"application\/ld+json\" class=\"yoast-schema-graph\">{\"@context\":\"https:\/\/schema.org\",\"@graph\":[{\"@type\":\"WebPage\",\"@id\":\"https:\/\/pag-willmop.ch\/fr\/\",\"url\":\"https:\/\/pag-willmop.ch\/fr\/\",\"name\":\"Willmop, Ecoray, home , Le nouveau PAG Willmop est disponible\",\"isPartOf\":{\"@id\":\"https:\/\/pag-willmop.ch\/fr\/#website\"},\"datePublished\":\"2020-11-05T22:03:40+00:00\",\"dateModified\":\"2021-03-04T14:07:39+00:00\",\"description\":\"Willmop, balai \u00e0 franges sans fil, tsm, stand up, iMop, brio, balai \u00e0 franges, balai \u00e0 franges autonome, ecoray, machines de nettoyage\",\"breadcrumb\":{\"@id\":\"https:\/\/pag-willmop.ch\/fr\/#breadcrumb\"},\"inLanguage\":\"de\",\"potentialAction\":[{\"@type\":\"ReadAction\",\"target\":[\"https:\/\/pag-willmop.ch\/fr\/\"]}]},{\"@type\":\"BreadcrumbList\",\"@id\":\"https:\/\/pag-willmop.ch\/fr\/#breadcrumb\",\"itemListElement\":[{\"@type\":\"ListItem\",\"position\":1,\"name\":\"Startseite\",\"item\":\"https:\/\/pag-willmop.ch\/fr\/\"},{\"@type\":\"ListItem\",\"position\":2,\"name\":\"PAG Willmop 50 B\",\"item\":\"https:\/\/pag-willmop.ch\/fr\/willmop-50b\/\"},{\"@type\":\"ListItem\",\"position\":3,\"name\":\"Home\"}]},{\"@type\":\"WebSite\",\"@id\":\"https:\/\/pag-willmop.ch\/fr\/#website\",\"url\":\"https:\/\/pag-willmop.ch\/fr\/\",\"name\":\"PAG Willmop (fr)\",\"description\":\"Eine weitere PAG Willmop Website\",\"potentialAction\":[{\"@type\":\"SearchAction\",\"target\":{\"@type\":\"EntryPoint\",\"urlTemplate\":\"https:\/\/pag-willmop.ch\/fr\/?s={search_term_string}\"},\"query-input\":\"required name=search_term_string\"}],\"inLanguage\":\"de\"}]}<\/script>\n<!-- \/ Yoast SEO plugin. -->","yoast_head_json":{"title":"Willmop, Ecoray, home , Le nouveau PAG Willmop est disponible","description":"Willmop, balai \u00e0 franges sans fil, tsm, stand up, iMop, brio, balai \u00e0 franges, balai \u00e0 franges autonome, ecoray, machines de nettoyage","robots":{"index":"index","follow":"follow","max-snippet":"max-snippet:-1","max-image-preview":"max-image-preview:large","max-video-preview":"max-video-preview:-1"},"canonical":"https:\/\/pag-willmop.ch\/fr\/","og_locale":"de_DE","og_type":"article","og_title":"Willmop, Ecoray, home , Le nouveau PAG Willmop est disponible","og_description":"Willmop, balai \u00e0 franges sans fil, tsm, stand up, iMop, brio, balai \u00e0 franges, balai \u00e0 franges autonome, ecoray, machines de nettoyage","og_url":"https:\/\/pag-willmop.ch\/fr\/","og_site_name":"PAG Willmop (fr)","article_modified_time":"2021-03-04T14:07:39+00:00","og_image":[{"width":1200,"height":1200,"url":"https:\/\/pag-willmop.ch\/fr\/wp-content\/uploads\/sites\/3\/2020\/11\/WILLMOP_6.jpg","type":"image\/jpeg"}],"twitter_card":"summary_large_image","twitter_misc":{"Gesch\u00e4tzte Lesezeit":"1\u00a0Minute"},"schema":{"@context":"https:\/\/schema.org","@graph":[{"@type":"WebPage","@id":"https:\/\/pag-willmop.ch\/fr\/","url":"https:\/\/pag-willmop.ch\/fr\/","name":"Willmop, Ecoray, home , Le nouveau PAG Willmop est disponible","isPartOf":{"@id":"https:\/\/pag-willmop.ch\/fr\/#website"},"datePublished":"2020-11-05T22:03:40+00:00","dateModified":"2021-03-04T14:07:39+00:00","description":"Willmop, balai \u00e0 franges sans fil, tsm, stand up, iMop, brio, balai \u00e0 franges, balai \u00e0 franges autonome, ecoray, machines de nettoyage","breadcrumb":{"@id":"https:\/\/pag-willmop.ch\/fr\/#breadcrumb"},"inLanguage":"de","potentialAction":[{"@type":"ReadAction","target":["https:\/\/pag-willmop.ch\/fr\/"]}]},{"@type":"BreadcrumbList","@id":"https:\/\/pag-willmop.ch\/fr\/#breadcrumb","itemListElement":[{"@type":"ListItem","position":1,"name":"Startseite","item":"https:\/\/pag-willmop.ch\/fr\/"},{"@type":"ListItem","position":2,"name":"PAG Willmop 50 B","item":"https:\/\/pag-willmop.ch\/fr\/willmop-50b\/"},{"@type":"ListItem","position":3,"name":"Home"}]},{"@type":"WebSite","@id":"https:\/\/pag-willmop.ch\/fr\/#website","url":"https:\/\/pag-willmop.ch\/fr\/","name":"PAG Willmop (fr)","description":"Eine weitere PAG Willmop Website","potentialAction":[{"@type":"SearchAction","target":{"@type":"EntryPoint","urlTemplate":"https:\/\/pag-willmop.ch\/fr\/?s={search_term_string}"},"query-input":"required name=search_term_string"}],"inLanguage":"de"}]}},"_links":{"self":[{"href":"https:\/\/pag-willmop.ch\/fr\/wp-json\/wp\/v2\/pages\/39"}],"collection":[{"href":"https:\/\/pag-willmop.ch\/fr\/wp-json\/wp\/v2\/pages"}],"about":[{"href":"https:\/\/pag-willmop.ch\/fr\/wp-json\/wp\/v2\/types\/page"}],"author":[{"embeddable":true,"href":"https:\/\/pag-willmop.ch\/fr\/wp-json\/wp\/v2\/users\/1"}],"replies":[{"embeddable":true,"href":"https:\/\/pag-willmop.ch\/fr\/wp-json\/wp\/v2\/comments?post=39"}],"version-history":[{"count":11,"href":"https:\/\/pag-willmop.ch\/fr\/wp-json\/wp\/v2\/pages\/39\/revisions"}],"predecessor-version":[{"id":211,"href":"https:\/\/pag-willmop.ch\/fr\/wp-json\/wp\/v2\/pages\/39\/revisions\/211"}],"up":[{"embeddable":true,"href":"https:\/\/pag-willmop.ch\/fr\/wp-json\/wp\/v2\/pages\/46"}],"wp:featuredmedia":[{"embeddable":true,"href":"https:\/\/pag-willmop.ch\/fr\/wp-json\/wp\/v2\/media\/29"}],"wp:attachment":[{"href":"https:\/\/pag-willmop.ch\/fr\/wp-json\/wp\/v2\/media?parent=39"}],"curies":[{"name":"wp","href":"https:\/\/api.w.org\/{rel}","templated":true}]}}