{"id":46,"date":"2020-11-05T23:10:19","date_gmt":"2020-11-05T22:10:19","guid":{"rendered":"https:\/\/pag-willmop.ch\/fr\/?page_id=46"},"modified":"2021-03-08T16:31:03","modified_gmt":"2021-03-08T15:31:03","slug":"willmop-50b","status":"publish","type":"page","link":"https:\/\/pag-willmop.ch\/fr\/willmop-50b\/","title":{"rendered":"PAG Willmop 50 B"},"content":{"rendered":"<p>[et_pb_section fb_built=&#8220;1&#8243; _builder_version=&#8220;4.6.6&#8243; _module_preset=&#8220;default&#8220;][et_pb_row column_structure=&#8220;1_6,1_6,1_6,1_6,1_6,1_6&#8243; _builder_version=&#8220;4.9.0&#8243; _module_preset=&#8220;default&#8220;][et_pb_column type=&#8220;1_6&#8243; _builder_version=&#8220;4.9.0&#8243; _module_preset=&#8220;default&#8220;][\/et_pb_column][et_pb_column type=&#8220;1_6&#8243; _builder_version=&#8220;4.9.0&#8243; _module_preset=&#8220;default&#8220;][\/et_pb_column][et_pb_column type=&#8220;1_6&#8243; _builder_version=&#8220;4.9.0&#8243; _module_preset=&#8220;default&#8220;][\/et_pb_column][et_pb_column type=&#8220;1_6&#8243; _builder_version=&#8220;4.9.0&#8243; _module_preset=&#8220;default&#8220;][et_pb_text _builder_version=&#8220;4.9.0&#8243; _module_preset=&#8220;default&#8220; background_color=&#8220;#0C71C3&#8243;]<\/p>\n<p style=\"text-align: center;\"><a href=\"https:\/\/pag-willmop.ch\/home-willmop-tsm-ecoray-brio\/willmop-50b\/\"><strong><span style=\"color: #ffffff;\">DEUTSCH<\/span><\/strong><\/a><\/p>\n<p>[\/et_pb_text][\/et_pb_column][et_pb_column type=&#8220;1_6&#8243; _builder_version=&#8220;4.9.0&#8243; _module_preset=&#8220;default&#8220;][\/et_pb_column][et_pb_column type=&#8220;1_6&#8243; _builder_version=&#8220;4.9.0&#8243; _module_preset=&#8220;default&#8220;][et_pb_text _builder_version=&#8220;4.9.0&#8243; _module_preset=&#8220;default&#8220; background_color=&#8220;#0C71C3&#8243;]<\/p>\n<p style=\"text-align: center;\"><a href=\"https:\/\/pag-willmop.ch\/it\/\"><strong><span style=\"color: #ffffff;\">ITALIANO<\/span><\/strong><\/a><\/p>\n<p>[\/et_pb_text][\/et_pb_column][\/et_pb_row][et_pb_row _builder_version=&#8220;4.6.6&#8243; _module_preset=&#8220;default&#8220;][et_pb_column type=&#8220;4_4&#8243; _builder_version=&#8220;4.6.6&#8243; _module_preset=&#8220;default&#8220;][et_pb_image src=&#8220;https:\/\/pag-willmop.ch\/fr\/wp-content\/uploads\/sites\/3\/2020\/11\/KOPFBILD_3.jpg&#8220; alt=&#8220;Willmop&#8220; title_text=&#8220;KOPFBILD_3&#8243; _builder_version=&#8220;4.6.6&#8243; _module_preset=&#8220;default&#8220;][\/et_pb_image][\/et_pb_column][\/et_pb_row][\/et_pb_section][et_pb_section fb_built=&#8220;1&#8243; _builder_version=&#8220;4.6.6&#8243; _module_preset=&#8220;default&#8220;][et_pb_row column_structure=&#8220;2_5,3_5&#8243; _builder_version=&#8220;4.6.6&#8243; _module_preset=&#8220;default&#8220;][et_pb_column type=&#8220;2_5&#8243; _builder_version=&#8220;4.6.6&#8243; _module_preset=&#8220;default&#8220;][et_pb_text _builder_version=&#8220;4.9.0&#8243; _module_preset=&#8220;default&#8220; text_font=&#8220;||||||||&#8220;]<\/p>\n<div class=\"page\" title=\"Page 2\">\n<div class=\"section\">\n<div class=\"layoutArea\">\n<div class=\"column\">\n<p><strong>Maniabilit\u00e9 simplifi\u00e9e dans les espaces bond\u00e9s.<\/strong><br \/>Centres commerciaux, ho\u0302pitaux, e\u0301tablissements scolaires, restaurants et salles de sports, autant de lieus diffe\u0301rents qui demandent de trouver des re\u0301ponses de nettoyage adapte\u0301es a\u0300 chaque situation : Surfaces encombre\u0301es, lieus exigus, attentes en mesure d\u2019hygie\u0300ne tre\u0300s e\u0301leve\u0301es, endroits tre\u0300s fre\u0301quente\u0301s. Pour re\u0301pondre a\u0300 l\u2019ensemble de ces proble\u0301matiques et simplifier le travail des agents, il faut les e\u0301quiper du mate\u0301riel le mieux adapte\u0301.<\/p>\n<p>Pour toutes ces raisons, nous avons d\u00e9velopp\u00e9 la WILLMOP 50, la plus maniable et l\u00e9g\u00e8re des autolaveuses verticales<br \/> du march\u00e9, combinant \u00e0 la fois les hautes performances d\u2019une machine professionnelle et la flexibilit\u00e9 du lavage manuel. Ajoutons \u00e0 cela, des batteries de nouvelle g\u00e9n\u00e9ration au lithium, facilement changeables, qui permettent une utilisation en quasi continue.<\/p>\n<p><span style=\"font-size: 12.000000pt; font-family: 'Config'; color: rgb(11.890000%, 15.990000%, 19.270000%);\">\u00a0<\/span><\/p>\n<\/div>\n<\/div>\n<\/div>\n<\/div>\n<p>[\/et_pb_text][et_pb_divider _builder_version=&#8220;4.6.6&#8243; _module_preset=&#8220;default&#8220;][\/et_pb_divider][et_pb_image src=&#8220;https:\/\/pag-willmop.ch\/fr\/wp-content\/uploads\/sites\/3\/2020\/11\/ANWENDUNGEN.png&#8220; title_text=&#8220;ANWENDUNGEN&#8220; show_in_lightbox=&#8220;on&#8220; _builder_version=&#8220;4.6.6&#8243; _module_preset=&#8220;default&#8220;][\/et_pb_image][\/et_pb_column][et_pb_column type=&#8220;3_5&#8243; _builder_version=&#8220;4.6.6&#8243; _module_preset=&#8220;default&#8220;][et_pb_image src=&#8220;https:\/\/pag-willmop.ch\/fr\/wp-content\/uploads\/sites\/3\/2020\/11\/BEDIENUNGS-ANLEIT_WILLMOP_franz.jpg&#8220; alt=&#8220;Willmop 50&#8243; title_text=&#8220;BEDIENUNGS-ANLEIT_WILLMOP_franz&#8220; show_in_lightbox=&#8220;on&#8220; _builder_version=&#8220;4.6.6&#8243; _module_preset=&#8220;default&#8220; border_width_all=&#8220;2px&#8220;][\/et_pb_image][\/et_pb_column][\/et_pb_row][et_pb_row column_structure=&#8220;1_3,1_3,1_3&#8243; _builder_version=&#8220;4.6.6&#8243; _module_preset=&#8220;default&#8220;][et_pb_column type=&#8220;1_3&#8243; _builder_version=&#8220;4.6.6&#8243; _module_preset=&#8220;default&#8220;][et_pb_text _builder_version=&#8220;4.6.6&#8243; _module_preset=&#8220;default&#8220;]<\/p>\n<p><strong>Facilitons le travail des utilisateurs.<\/strong><br \/>Avec un syste\u0300me d\u2019articulation brevete\u0301 permettant de travailler avec une ou deux mains selon votre pre\u0301fe\u0301rence. Son poids le\u0301ger confe\u0300re a\u0300 la WILLMOP 50 une aisance dans son maniement et assure a\u0300 l\u2019agent une position ergonomique qui limite les efforts durant toute son utilisation.<\/p>\n<p>[\/et_pb_text][\/et_pb_column][et_pb_column type=&#8220;1_3&#8243; _builder_version=&#8220;4.6.6&#8243; _module_preset=&#8220;default&#8220;][et_pb_text _builder_version=&#8220;4.6.6&#8243; _module_preset=&#8220;default&#8220;]<\/p>\n<p><strong>Un vrai sentiment de libert\u00e9.<\/strong><br \/>La WILLMOP 50 dote\u0301e d\u2019un axe de rotation de 360\u00b0, permet de nettoyer les zones que les machines traditionnelles ne peuvent atteindre habituellement, comme les dessous de tables, entre les chaises et sous les e\u0301viers.<\/p>\n<p>[\/et_pb_text][\/et_pb_column][et_pb_column type=&#8220;1_3&#8243; _builder_version=&#8220;4.6.6&#8243; _module_preset=&#8220;default&#8220;][et_pb_text _builder_version=&#8220;4.6.6&#8243; _module_preset=&#8220;default&#8220;]<\/p>\n<p><strong>Votre s\u00e9curit\u00e9, notre priorit\u00e9.<\/strong><br \/>L\u2019innovation SENSITIVE TOUCH SYSTEM est une se\u0301curite\u0301 qui de\u0301tecte lorsque l\u2019utilisateur retire ses mains de la poigne\u0301e. Imme\u0301diatement la WILLMOP 50 se met en mode veille, et la machine se maintient en position haute. De\u0300s que l\u2019utilisateur reprend en main la machine, elle reprend son cycle de nettoyage normal.<\/p>\n<p>[\/et_pb_text][\/et_pb_column][\/et_pb_row][et_pb_row _builder_version=&#8220;4.6.6&#8243; _module_preset=&#8220;default&#8220;][et_pb_column type=&#8220;4_4&#8243; _builder_version=&#8220;4.6.6&#8243; _module_preset=&#8220;default&#8220;][et_pb_image src=&#8220;https:\/\/pag-willmop.ch\/fr\/wp-content\/uploads\/sites\/3\/2020\/11\/LEISTUNGS_SIGNETE.jpg&#8220; alt=&#8220;Willmop&#8220; title_text=&#8220;LEISTUNGS_SIGNETE&#8220; _builder_version=&#8220;4.6.6&#8243; _module_preset=&#8220;default&#8220; border_width_all=&#8220;2px&#8220;][\/et_pb_image][\/et_pb_column][\/et_pb_row][et_pb_row column_structure=&#8220;1_3,1_3,1_3&#8243; _builder_version=&#8220;4.6.6&#8243; _module_preset=&#8220;default&#8220;][et_pb_column type=&#8220;1_3&#8243; _builder_version=&#8220;4.6.6&#8243; _module_preset=&#8220;default&#8220;][et_pb_text _builder_version=&#8220;4.6.6&#8243; _module_preset=&#8220;default&#8220;]<\/p>\n<p><strong>Les poussi\u00e8res n&#8217;ont qu&#8217;\u00e0 bien <br \/>se tenir.<\/strong><br \/> Avec une surface de travail de 50 cm parfaitement adapte\u0301e au nettoyage des grandes et petites surfaces, la PAG-WILLMOP 50 de\u0301tient des performances exceptionnelles pour nettoyer au ras des murs, et gra\u0302ce a\u0300 ses LED avant, elle assure un entretien parfait des surfaces les plus inaccessibles.<\/p>\n<p>[\/et_pb_text][\/et_pb_column][et_pb_column type=&#8220;1_3&#8243; _builder_version=&#8220;4.6.6&#8243; _module_preset=&#8220;default&#8220;][et_pb_text _builder_version=&#8220;4.6.6&#8243; _module_preset=&#8220;default&#8220;]<\/p>\n<p><strong>En profondeur mais sans faire <br \/>de bruit.<\/strong><br \/> Dans diffe\u0301rents environnements comme les ho\u0302pitaux, les cre\u0300ches et les e\u0301coles, il est primordial de maintenir un confort acoustique calme et non bruyant. Le mode d\u2019e\u0301conomie d\u2019e\u0301nergie permet de re\u0301duire le bruit ge\u0301ne\u0301re\u0301 par l\u2019aspiration, en assurant une efficacite\u0301 maximale en toute discre\u0301tion.<br \/> Ce mode permet aussi d\u2019e\u0301conomiser 40 % d\u2019eau et 15 % sur l\u2019utilisation de la batterie.<\/p>\n<p>[\/et_pb_text][\/et_pb_column][et_pb_column type=&#8220;1_3&#8243; _builder_version=&#8220;4.6.6&#8243; _module_preset=&#8220;default&#8220;][et_pb_text _builder_version=&#8220;4.6.6&#8243; _module_preset=&#8220;default&#8220;]<\/p>\n<p><strong>Les d\u00e9tails font la diff\u00e9rence.<br \/> <\/strong><br \/> Le re\u0301servoir de re\u0301cupe\u0301ration est e\u0301quipe\u0301 d\u2019un capteur sensoriel qui coupe automatiquement le moteur lorsque le re\u0301servoir est plein et alerte l\u2019utilisateur lorsqu\u2019il doit vidanger. La poigne\u0301e permet d\u2019enlever et de transporter facilement le re\u0301servoir pour le vider sans avoir a\u0300 transporter l\u2019ensemble de la machine.<\/p>\n<p>[\/et_pb_text][\/et_pb_column][\/et_pb_row][et_pb_row _builder_version=&#8220;4.6.6&#8243; _module_preset=&#8220;default&#8220;][et_pb_column type=&#8220;4_4&#8243; _builder_version=&#8220;4.6.6&#8243; _module_preset=&#8220;default&#8220;][et_pb_divider _builder_version=&#8220;4.6.6&#8243; _module_preset=&#8220;default&#8220;][\/et_pb_divider][\/et_pb_column][\/et_pb_row][et_pb_row column_structure=&#8220;1_3,1_3,1_3&#8243; _builder_version=&#8220;4.6.6&#8243; _module_preset=&#8220;default&#8220;][et_pb_column type=&#8220;1_3&#8243; _builder_version=&#8220;4.6.6&#8243; _module_preset=&#8220;default&#8220;][et_pb_image src=&#8220;https:\/\/pag-willmop.ch\/fr\/wp-content\/uploads\/sites\/3\/2020\/11\/BANNER_VORFUEHRUNG_franz.jpg&#8220; alt=&#8220;Willmop&#8220; title_text=&#8220;BANNER_VORFUEHRUNG_franz&#8220; url=&#8220;https:\/\/pag-willmop.ch\/fr\/vorfuehrungen\/&#8220; _builder_version=&#8220;4.6.6&#8243; _module_preset=&#8220;default&#8220; border_radii=&#8220;on|28px|28px|28px|28px&#8220;][\/et_pb_image][\/et_pb_column][et_pb_column type=&#8220;1_3&#8243; _builder_version=&#8220;4.6.6&#8243; _module_preset=&#8220;default&#8220;][et_pb_image src=&#8220;https:\/\/pag-willmop.ch\/fr\/wp-content\/uploads\/sites\/3\/2020\/11\/willmop.gif&#8220; title_text=&#8220;willmop&#8220; _builder_version=&#8220;4.6.6&#8243; _module_preset=&#8220;default&#8220; background_color=&#8220;#0c71c3&#8243;][\/et_pb_image][\/et_pb_column][et_pb_column type=&#8220;1_3&#8243; _builder_version=&#8220;4.6.6&#8243; _module_preset=&#8220;default&#8220;][et_pb_image src=&#8220;https:\/\/pag-willmop.ch\/fr\/wp-content\/uploads\/sites\/3\/2020\/11\/BANNER_VIDEO_1_franz_021120.jpg&#8220; alt=&#8220;Willmop&#8220; title_text=&#8220;BANNER_VIDEO_1_franz_021120&#8243; url=&#8220;https:\/\/youtu.be\/SALbZeMd3T0&#8243; url_new_window=&#8220;on&#8220; _builder_version=&#8220;4.6.6&#8243; _module_preset=&#8220;default&#8220;][\/et_pb_image][et_pb_image src=&#8220;https:\/\/pag-willmop.ch\/fr\/wp-content\/uploads\/sites\/3\/2020\/11\/BANNER_VIDEO_2_franz_021120.jpg&#8220; alt=&#8220;Willmop&#8220; title_text=&#8220;BANNER_VIDEO_2_franz_021120&#8243; url=&#8220;https:\/\/www.youtube.com\/watch?v=GHIZVUsmX6M&#8220; url_new_window=&#8220;on&#8220; _builder_version=&#8220;4.9.0&#8243; _module_preset=&#8220;default&#8220; hover_enabled=&#8220;0&#8243; sticky_enabled=&#8220;0&#8243;][\/et_pb_image][et_pb_image src=&#8220;https:\/\/pag-willmop.ch\/fr\/wp-content\/uploads\/sites\/3\/2020\/11\/BANNER_DATEN_franz_021120.jpg&#8220; title_text=&#8220;BANNER_DATEN_franz_021120&#8243; url=&#8220;https:\/\/pag-willmop.ch\/fr\/wp-content\/uploads\/sites\/3\/2020\/11\/DATENBLATT_WILLMOP_2_franz.pdf&#8220; url_new_window=&#8220;on&#8220; _builder_version=&#8220;4.6.6&#8243; _module_preset=&#8220;default&#8220;][\/et_pb_image][\/et_pb_column][\/et_pb_row][et_pb_row _builder_version=&#8220;4.6.6&#8243; _module_preset=&#8220;default&#8220;][et_pb_column type=&#8220;4_4&#8243; _builder_version=&#8220;4.6.6&#8243; _module_preset=&#8220;default&#8220;][et_pb_divider _builder_version=&#8220;4.6.6&#8243; _module_preset=&#8220;default&#8220;][\/et_pb_divider][\/et_pb_column][\/et_pb_row][et_pb_row column_structure=&#8220;1_3,1_3,1_3&#8243; _builder_version=&#8220;4.6.6&#8243; _module_preset=&#8220;default&#8220;][et_pb_column type=&#8220;1_3&#8243; _builder_version=&#8220;4.6.6&#8243; _module_preset=&#8220;default&#8220;][et_pb_image src=&#8220;https:\/\/pag-willmop.ch\/fr\/wp-content\/uploads\/sites\/3\/2020\/11\/WILLMOP_6.jpg&#8220; title_text=&#8220;WILLMOP_6&#8243; show_in_lightbox=&#8220;on&#8220; _builder_version=&#8220;4.6.6&#8243; _module_preset=&#8220;default&#8220;][\/et_pb_image][\/et_pb_column][et_pb_column type=&#8220;1_3&#8243; _builder_version=&#8220;4.6.6&#8243; _module_preset=&#8220;default&#8220;][et_pb_image src=&#8220;https:\/\/pag-willmop.ch\/fr\/wp-content\/uploads\/sites\/3\/2020\/11\/WILLMOP_7_FRAU.jpg&#8220; alt=&#8220;Willmop&#8220; title_text=&#8220;WILLMOP_7_FRAU&#8220; show_in_lightbox=&#8220;on&#8220; _builder_version=&#8220;4.6.6&#8243; _module_preset=&#8220;default&#8220;][\/et_pb_image][\/et_pb_column][et_pb_column type=&#8220;1_3&#8243; _builder_version=&#8220;4.6.6&#8243; _module_preset=&#8220;default&#8220;][et_pb_image src=&#8220;https:\/\/pag-willmop.ch\/fr\/wp-content\/uploads\/sites\/3\/2020\/11\/EINHAND_2.jpg&#8220; alt=&#8220;Willmop&#8220; title_text=&#8220;EINHAND_2&#8243; show_in_lightbox=&#8220;on&#8220; _builder_version=&#8220;4.6.6&#8243; _module_preset=&#8220;default&#8220;][\/et_pb_image][\/et_pb_column][\/et_pb_row][et_pb_row _builder_version=&#8220;4.6.6&#8243; _module_preset=&#8220;default&#8220;][et_pb_column type=&#8220;4_4&#8243; _builder_version=&#8220;4.6.6&#8243; _module_preset=&#8220;default&#8220;][et_pb_divider _builder_version=&#8220;4.6.6&#8243; _module_preset=&#8220;default&#8220;][\/et_pb_divider][\/et_pb_column][\/et_pb_row][et_pb_row _builder_version=&#8220;4.6.6&#8243; _module_preset=&#8220;default&#8220;][et_pb_column type=&#8220;4_4&#8243; _builder_version=&#8220;4.6.6&#8243; _module_preset=&#8220;default&#8220;][et_pb_text _builder_version=&#8220;4.6.6&#8243; _module_preset=&#8220;default&#8220;]<\/p>\n<h2 style=\"text-align: center;\">Le PAG WILLMOP peut \u00eatre utilis\u00e9 rapidement et partout.<\/h2>\n<h2 style=\"text-align: center;\"><\/h2>\n<p>&nbsp;<\/p>\n<h2 style=\"text-align: center;\">Si n\u00e9cessaire, la batterie (puissantes piles au lithium) peut \u00eatre remplac\u00e9e \u00e0 l&#8217;aide d&#8217;une simple poign\u00e9e.<\/h2>\n<h2 style=\"text-align: center;\"><\/h2>\n<h2 style=\"text-align: center;\"><\/h2>\n<h2 style=\"text-align: center;\">Il est facile de travailler avec le PAG WILLMOP,<br \/>m\u00eame avec une seule main &#8211; et lorsque vous l\u00e2chez prise, <br \/>le PAG WILLMOP s&#8217;\u00e9teint automatiquement et reste en place.<\/h2>\n<p>[\/et_pb_text][\/et_pb_column][\/et_pb_row][\/et_pb_section]<\/p>\n ","protected":false},"excerpt":{"rendered":"<p>Maniabilit\u00e9 simplifi\u00e9e dans les espaces bond\u00e9s.<\/p>\n<p>Centres commerciaux, ho\u0302pitaux, e\u0301tablissements scolaires, restaurants et salles de sports, autant de lieus diffe\u0301rents qui demandent de trouver des re\u0301ponses de nettoyage adapte\u0301es a\u0300 chaque situation : Surfaces encombre\u0301es, lieus exigus, attentes en mesure d\u2019hygie\u0300ne tre\u0300s e\u0301leve\u0301es, endroits tre\u0300s fre\u0301quente\u0301s. Pour re\u0301pondre a\u0300 l\u2019ensemble de ces proble\u0301matiques et simplifier le travail des agents, il faut les e\u0301quiper du mate\u0301riel le mieux adapte\u0301.<\/p>\n<p>Pour toutes ces raisons, nous avons d\u00e9velopp\u00e9 la WILLMOP 50, la plus maniable et l\u00e9g\u00e8re des autolaveuses verticales<br \/>\ndu march\u00e9, combinant \u00e0 la fois les hautes performances d\u2019une machine professionnelle et la flexibilit\u00e9 du lavage manuel. Ajoutons \u00e0 cela, des batteries de nouvelle g\u00e9n\u00e9ration au lithium, facilement changeables, qui permettent une utilisation en quasi continue.<\/p>\n","protected":false},"author":1,"featured_media":38,"parent":0,"menu_order":0,"comment_status":"closed","ping_status":"closed","template":"","meta":{"_et_pb_use_builder":"on","_et_pb_old_content":"","_et_gb_content_width":"","footnotes":""},"yoast_head":"<!-- This site is optimized with the Yoast SEO plugin v21.2 - https:\/\/yoast.com\/wordpress\/plugins\/seo\/ -->\n<title>Willmop-50b, Ecoray, autolaveuse conventionnelle, autolaveuse \u00e0 batterie<\/title>\n<meta name=\"description\" content=\"Willmop, PAG, tsm, autolaveuse conventionnelle, standfest, iMop, Brio, Mop, Mop stable, Ecoray, machine de nettoyage, facile \u00e0 travailler\" \/>\n<meta name=\"robots\" content=\"index, follow, max-snippet:-1, max-image-preview:large, max-video-preview:-1\" \/>\n<link rel=\"canonical\" href=\"https:\/\/pag-willmop.ch\/fr\/willmop-50b\/\" \/>\n<meta property=\"og:locale\" content=\"de_DE\" \/>\n<meta property=\"og:type\" content=\"article\" \/>\n<meta property=\"og:title\" content=\"Willmop-50b, Ecoray, autolaveuse conventionnelle, autolaveuse \u00e0 batterie\" \/>\n<meta property=\"og:description\" content=\"Willmop, PAG, tsm, autolaveuse conventionnelle, standfest, iMop, Brio, Mop, Mop stable, Ecoray, machine de nettoyage, facile \u00e0 travailler\" \/>\n<meta property=\"og:url\" content=\"https:\/\/pag-willmop.ch\/fr\/willmop-50b\/\" \/>\n<meta property=\"og:site_name\" content=\"PAG Willmop (fr)\" \/>\n<meta property=\"article:modified_time\" content=\"2021-03-08T15:31:03+00:00\" \/>\n<meta property=\"og:image\" content=\"https:\/\/pag-willmop.ch\/fr\/wp-content\/uploads\/sites\/3\/2020\/11\/KOPFBILD_5.jpg\" \/>\n\t<meta property=\"og:image:width\" content=\"2000\" \/>\n\t<meta property=\"og:image:height\" content=\"800\" \/>\n\t<meta property=\"og:image:type\" content=\"image\/jpeg\" \/>\n<meta name=\"twitter:card\" content=\"summary_large_image\" \/>\n<meta name=\"twitter:label1\" content=\"Gesch\u00e4tzte Lesezeit\" \/>\n\t<meta name=\"twitter:data1\" content=\"4\u00a0Minuten\" \/>\n<script type=\"application\/ld+json\" class=\"yoast-schema-graph\">{\"@context\":\"https:\/\/schema.org\",\"@graph\":[{\"@type\":\"WebPage\",\"@id\":\"https:\/\/pag-willmop.ch\/fr\/willmop-50b\/\",\"url\":\"https:\/\/pag-willmop.ch\/fr\/willmop-50b\/\",\"name\":\"Willmop-50b, Ecoray, autolaveuse conventionnelle, autolaveuse \u00e0 batterie\",\"isPartOf\":{\"@id\":\"https:\/\/pag-willmop.ch\/fr\/#website\"},\"datePublished\":\"2020-11-05T22:10:19+00:00\",\"dateModified\":\"2021-03-08T15:31:03+00:00\",\"description\":\"Willmop, PAG, tsm, autolaveuse conventionnelle, standfest, iMop, Brio, Mop, Mop stable, Ecoray, machine de nettoyage, facile \u00e0 travailler\",\"breadcrumb\":{\"@id\":\"https:\/\/pag-willmop.ch\/fr\/willmop-50b\/#breadcrumb\"},\"inLanguage\":\"de\",\"potentialAction\":[{\"@type\":\"ReadAction\",\"target\":[\"https:\/\/pag-willmop.ch\/fr\/willmop-50b\/\"]}]},{\"@type\":\"BreadcrumbList\",\"@id\":\"https:\/\/pag-willmop.ch\/fr\/willmop-50b\/#breadcrumb\",\"itemListElement\":[{\"@type\":\"ListItem\",\"position\":1,\"name\":\"Startseite\",\"item\":\"https:\/\/pag-willmop.ch\/fr\/\"},{\"@type\":\"ListItem\",\"position\":2,\"name\":\"PAG Willmop 50 B\"}]},{\"@type\":\"WebSite\",\"@id\":\"https:\/\/pag-willmop.ch\/fr\/#website\",\"url\":\"https:\/\/pag-willmop.ch\/fr\/\",\"name\":\"PAG Willmop (fr)\",\"description\":\"Eine weitere PAG Willmop Website\",\"potentialAction\":[{\"@type\":\"SearchAction\",\"target\":{\"@type\":\"EntryPoint\",\"urlTemplate\":\"https:\/\/pag-willmop.ch\/fr\/?s={search_term_string}\"},\"query-input\":\"required name=search_term_string\"}],\"inLanguage\":\"de\"}]}<\/script>\n<!-- \/ Yoast SEO plugin. -->","yoast_head_json":{"title":"Willmop-50b, Ecoray, autolaveuse conventionnelle, autolaveuse \u00e0 batterie","description":"Willmop, PAG, tsm, autolaveuse conventionnelle, standfest, iMop, Brio, Mop, Mop stable, Ecoray, machine de nettoyage, facile \u00e0 travailler","robots":{"index":"index","follow":"follow","max-snippet":"max-snippet:-1","max-image-preview":"max-image-preview:large","max-video-preview":"max-video-preview:-1"},"canonical":"https:\/\/pag-willmop.ch\/fr\/willmop-50b\/","og_locale":"de_DE","og_type":"article","og_title":"Willmop-50b, Ecoray, autolaveuse conventionnelle, autolaveuse \u00e0 batterie","og_description":"Willmop, PAG, tsm, autolaveuse conventionnelle, standfest, iMop, Brio, Mop, Mop stable, Ecoray, machine de nettoyage, facile \u00e0 travailler","og_url":"https:\/\/pag-willmop.ch\/fr\/willmop-50b\/","og_site_name":"PAG Willmop (fr)","article_modified_time":"2021-03-08T15:31:03+00:00","og_image":[{"width":2000,"height":800,"url":"https:\/\/pag-willmop.ch\/fr\/wp-content\/uploads\/sites\/3\/2020\/11\/KOPFBILD_5.jpg","type":"image\/jpeg"}],"twitter_card":"summary_large_image","twitter_misc":{"Gesch\u00e4tzte Lesezeit":"4\u00a0Minuten"},"schema":{"@context":"https:\/\/schema.org","@graph":[{"@type":"WebPage","@id":"https:\/\/pag-willmop.ch\/fr\/willmop-50b\/","url":"https:\/\/pag-willmop.ch\/fr\/willmop-50b\/","name":"Willmop-50b, Ecoray, autolaveuse conventionnelle, autolaveuse \u00e0 batterie","isPartOf":{"@id":"https:\/\/pag-willmop.ch\/fr\/#website"},"datePublished":"2020-11-05T22:10:19+00:00","dateModified":"2021-03-08T15:31:03+00:00","description":"Willmop, PAG, tsm, autolaveuse conventionnelle, standfest, iMop, Brio, Mop, Mop stable, Ecoray, machine de nettoyage, facile \u00e0 travailler","breadcrumb":{"@id":"https:\/\/pag-willmop.ch\/fr\/willmop-50b\/#breadcrumb"},"inLanguage":"de","potentialAction":[{"@type":"ReadAction","target":["https:\/\/pag-willmop.ch\/fr\/willmop-50b\/"]}]},{"@type":"BreadcrumbList","@id":"https:\/\/pag-willmop.ch\/fr\/willmop-50b\/#breadcrumb","itemListElement":[{"@type":"ListItem","position":1,"name":"Startseite","item":"https:\/\/pag-willmop.ch\/fr\/"},{"@type":"ListItem","position":2,"name":"PAG Willmop 50 B"}]},{"@type":"WebSite","@id":"https:\/\/pag-willmop.ch\/fr\/#website","url":"https:\/\/pag-willmop.ch\/fr\/","name":"PAG Willmop (fr)","description":"Eine weitere PAG Willmop Website","potentialAction":[{"@type":"SearchAction","target":{"@type":"EntryPoint","urlTemplate":"https:\/\/pag-willmop.ch\/fr\/?s={search_term_string}"},"query-input":"required name=search_term_string"}],"inLanguage":"de"}]}},"_links":{"self":[{"href":"https:\/\/pag-willmop.ch\/fr\/wp-json\/wp\/v2\/pages\/46"}],"collection":[{"href":"https:\/\/pag-willmop.ch\/fr\/wp-json\/wp\/v2\/pages"}],"about":[{"href":"https:\/\/pag-willmop.ch\/fr\/wp-json\/wp\/v2\/types\/page"}],"author":[{"embeddable":true,"href":"https:\/\/pag-willmop.ch\/fr\/wp-json\/wp\/v2\/users\/1"}],"replies":[{"embeddable":true,"href":"https:\/\/pag-willmop.ch\/fr\/wp-json\/wp\/v2\/comments?post=46"}],"version-history":[{"count":28,"href":"https:\/\/pag-willmop.ch\/fr\/wp-json\/wp\/v2\/pages\/46\/revisions"}],"predecessor-version":[{"id":230,"href":"https:\/\/pag-willmop.ch\/fr\/wp-json\/wp\/v2\/pages\/46\/revisions\/230"}],"wp:featuredmedia":[{"embeddable":true,"href":"https:\/\/pag-willmop.ch\/fr\/wp-json\/wp\/v2\/media\/38"}],"wp:attachment":[{"href":"https:\/\/pag-willmop.ch\/fr\/wp-json\/wp\/v2\/media?parent=46"}],"curies":[{"name":"wp","href":"https:\/\/api.w.org\/{rel}","templated":true}]}}