{"id":85,"date":"2020-11-08T12:09:09","date_gmt":"2020-11-08T11:09:09","guid":{"rendered":"https:\/\/pag-willmop.ch\/fr\/?page_id=85"},"modified":"2021-03-04T15:28:37","modified_gmt":"2021-03-04T14:28:37","slug":"ecoray-2","status":"publish","type":"page","link":"https:\/\/pag-willmop.ch\/fr\/ecoray-2\/","title":{"rendered":"ECORAY"},"content":{"rendered":"<p>[et_pb_section fb_built=&#8220;1&#8243; _builder_version=&#8220;4.6.6&#8243; _module_preset=&#8220;default&#8220;][et_pb_row column_structure=&#8220;1_6,1_6,1_6,1_6,1_6,1_6&#8243; _builder_version=&#8220;4.9.0&#8243; _module_preset=&#8220;default&#8220;][et_pb_column type=&#8220;1_6&#8243; _builder_version=&#8220;4.9.0&#8243; _module_preset=&#8220;default&#8220;][\/et_pb_column][et_pb_column type=&#8220;1_6&#8243; _builder_version=&#8220;4.9.0&#8243; _module_preset=&#8220;default&#8220;][\/et_pb_column][et_pb_column type=&#8220;1_6&#8243; _builder_version=&#8220;4.9.0&#8243; _module_preset=&#8220;default&#8220;][\/et_pb_column][et_pb_column type=&#8220;1_6&#8243; _builder_version=&#8220;4.9.0&#8243; _module_preset=&#8220;default&#8220;][et_pb_text _builder_version=&#8220;4.9.0&#8243; _module_preset=&#8220;default&#8220; background_color=&#8220;#0C71C3&#8243; hover_enabled=&#8220;0&#8243; sticky_enabled=&#8220;0&#8243;]<\/p>\n<p style=\"text-align: center;\"><a href=\"https:\/\/pag-willmop.ch\/ecoray-2\/\"><strong><span style=\"color: #ffffff;\">DEUTSCH<\/span><\/strong><\/a><\/p>\n<p>[\/et_pb_text][\/et_pb_column][et_pb_column type=&#8220;1_6&#8243; _builder_version=&#8220;4.9.0&#8243; _module_preset=&#8220;default&#8220;][\/et_pb_column][et_pb_column type=&#8220;1_6&#8243; _builder_version=&#8220;4.9.0&#8243; _module_preset=&#8220;default&#8220;][et_pb_text _builder_version=&#8220;4.9.0&#8243; _module_preset=&#8220;default&#8220; background_color=&#8220;#0C71C3&#8243;]<\/p>\n<p style=\"text-align: center;\"><a href=\"https:\/\/pag-willmop.ch\/it\/\"><strong><span style=\"color: #ffffff;\">ITALIANO<\/span><\/strong><\/a><\/p>\n<p>[\/et_pb_text][\/et_pb_column][\/et_pb_row][et_pb_row _builder_version=&#8220;4.6.6&#8243; _module_preset=&#8220;default&#8220;][et_pb_column type=&#8220;4_4&#8243; _builder_version=&#8220;4.6.6&#8243; _module_preset=&#8220;default&#8220;][et_pb_image src=&#8220;https:\/\/pag-willmop.ch\/fr\/wp-content\/uploads\/sites\/3\/2020\/11\/KOPFBILD_ECORAY.jpg&#8220; alt=&#8220;Ecoray&#8220; title_text=&#8220;KOPFBILD_ECORAY&#8220; _builder_version=&#8220;4.6.6&#8243; _module_preset=&#8220;default&#8220;][\/et_pb_image][\/et_pb_column][\/et_pb_row][et_pb_row _builder_version=&#8220;4.6.6&#8243; _module_preset=&#8220;default&#8220;][et_pb_column type=&#8220;4_4&#8243; _builder_version=&#8220;4.6.6&#8243; _module_preset=&#8220;default&#8220;][et_pb_text _builder_version=&#8220;4.6.6&#8243; _module_preset=&#8220;default&#8220; text_line_height=&#8220;2.4em&#8220; header_font=&#8220;||||||||&#8220; header_text_align=&#8220;center&#8220; header_font_size=&#8220;36px&#8220; background_color=&#8220;#e2e2e2&#8243; border_width_all=&#8220;17px&#8220; border_color_all=&#8220;#e2e2e2&#8243;]<\/p>\n<h1 style=\"text-align: center;\"><strong><span class=\"VIiyi\" jsaction=\"mouseup:BR6jm\" jsname=\"jqKxS\" lang=\"fr\"><span jsaction=\"agoMJf:PFBcW;usxOmf:aWLT7;jhKsnd:P7O7bd,F8DmGf;Q4AGo:Gm7gYd,qAKMYb;uFUCPb:pvnm0e,pfE8Hb,PFBcW;f56efd:dJXsye;EnoYf:KNzws,ZJsZZ,JgVSJc;zdMJQc:cCQNKb,ZJsZZ,zchEXc;Ytrrj:JJDvdc;tNR8yc:GeFvjb;oFN6Ye:hij5Wb\" jscontroller=\"Zl5N8\" jsmodel=\"SsMkhd\" jsname=\"txFAF\" class=\"JLqJ4b ChMk0b\" data-language-for-alternatives=\"fr\" data-language-to-translate-into=\"de\" data-phrase-index=\"0\" jsdata=\"uqLsIf;_;$21\"><span jsaction=\"click:qtZ4nf,GFf3ac,tMZCfe; mousedown:evWYGf,niacOc; mouseout:Nqw7Te; mouseover:qtZ4nf,c2aHje\" jsname=\"W297wb\">Le PAG WILLMOP 50 B ECORAY<\/span><\/span><span jsaction=\"agoMJf:PFBcW;usxOmf:aWLT7;jhKsnd:P7O7bd,F8DmGf;Q4AGo:Gm7gYd,qAKMYb;uFUCPb:pvnm0e,pfE8Hb,PFBcW;f56efd:dJXsye;EnoYf:KNzws,ZJsZZ,JgVSJc;zdMJQc:cCQNKb,ZJsZZ,zchEXc;Ytrrj:JJDvdc;tNR8yc:GeFvjb;oFN6Ye:hij5Wb\" jscontroller=\"Zl5N8\" jsmodel=\"SsMkhd\" jsname=\"txFAF\" class=\"JLqJ4b\" data-language-for-alternatives=\"fr\" data-language-to-translate-into=\"de\" data-phrase-index=\"1\" jsdata=\"uqLsIf;_;$22\"><span jsaction=\"click:qtZ4nf,GFf3ac,tMZCfe; mousedown:evWYGf,niacOc; mouseout:Nqw7Te; mouseover:qtZ4nf,c2aHje\" jsname=\"W297wb\"><br \/> <\/span><\/span><span jsaction=\"agoMJf:PFBcW;usxOmf:aWLT7;jhKsnd:P7O7bd,F8DmGf;Q4AGo:Gm7gYd,qAKMYb;uFUCPb:pvnm0e,pfE8Hb,PFBcW;f56efd:dJXsye;EnoYf:KNzws,ZJsZZ,JgVSJc;zdMJQc:cCQNKb,ZJsZZ,zchEXc;Ytrrj:JJDvdc;tNR8yc:GeFvjb;oFN6Ye:hij5Wb\" jscontroller=\"Zl5N8\" jsmodel=\"SsMkhd\" jsname=\"txFAF\" class=\"JLqJ4b ChMk0b\" data-language-for-alternatives=\"fr\" data-language-to-translate-into=\"de\" data-phrase-index=\"2\" jsdata=\"uqLsIf;_;$23\"><span jsaction=\"click:qtZ4nf,GFf3ac,tMZCfe; mousedown:evWYGf,niacOc; mouseout:Nqw7Te; mouseover:qtZ4nf,c2aHje\" jsname=\"W297wb\">nettoie en outre avec une lampe UV-C.<\/span><\/span><span jsaction=\"agoMJf:PFBcW;usxOmf:aWLT7;jhKsnd:P7O7bd,F8DmGf;Q4AGo:Gm7gYd,qAKMYb;uFUCPb:pvnm0e,pfE8Hb,PFBcW;f56efd:dJXsye;EnoYf:KNzws,ZJsZZ,JgVSJc;zdMJQc:cCQNKb,ZJsZZ,zchEXc;Ytrrj:JJDvdc;tNR8yc:GeFvjb;oFN6Ye:hij5Wb\" jscontroller=\"Zl5N8\" jsmodel=\"SsMkhd\" jsname=\"txFAF\" class=\"JLqJ4b\" data-language-for-alternatives=\"fr\" data-language-to-translate-into=\"de\" data-phrase-index=\"3\" jsdata=\"uqLsIf;_;$24\"><span jsaction=\"click:qtZ4nf,GFf3ac,tMZCfe; mousedown:evWYGf,niacOc; mouseout:Nqw7Te; mouseover:qtZ4nf,c2aHje\" jsname=\"W297wb\"><br \/> <\/span><\/span><span jsaction=\"agoMJf:PFBcW;usxOmf:aWLT7;jhKsnd:P7O7bd,F8DmGf;Q4AGo:Gm7gYd,qAKMYb;uFUCPb:pvnm0e,pfE8Hb,PFBcW;f56efd:dJXsye;EnoYf:KNzws,ZJsZZ,JgVSJc;zdMJQc:cCQNKb,ZJsZZ,zchEXc;Ytrrj:JJDvdc;tNR8yc:GeFvjb;oFN6Ye:hij5Wb\" jscontroller=\"Zl5N8\" jsmodel=\"SsMkhd\" jsname=\"txFAF\" class=\"JLqJ4b ChMk0b\" data-language-for-alternatives=\"fr\" data-language-to-translate-into=\"de\" data-phrase-index=\"4\" jsdata=\"uqLsIf;_;$25\" style=\"color: #ff0000;\"><span jsaction=\"click:qtZ4nf,GFf3ac,tMZCfe; mousedown:evWYGf,niacOc; mouseout:Nqw7Te; mouseover:qtZ4nf,c2aHje\" jsname=\"W297wb\">Pour une propret\u00e9 parfaite <br \/>et une d\u00e9sinfection simultan\u00e9e.<\/span><\/span><\/span><\/strong><\/h1>\n<p>[\/et_pb_text][\/et_pb_column][\/et_pb_row][et_pb_row column_structure=&#8220;1_3,1_3,1_3&#8243; _builder_version=&#8220;4.6.6&#8243; _module_preset=&#8220;default&#8220;][et_pb_column type=&#8220;1_3&#8243; _builder_version=&#8220;4.6.6&#8243; _module_preset=&#8220;default&#8220;][et_pb_text _builder_version=&#8220;4.6.6&#8243; _module_preset=&#8220;default&#8220;]<\/p>\n<p><strong>Nous avons une objectif commun:<\/strong><br \/><strong>Votre sant\u00e9.<\/strong><\/p>\n<p>[\/et_pb_text][\/et_pb_column][et_pb_column type=&#8220;1_3&#8243; _builder_version=&#8220;4.6.6&#8243; _module_preset=&#8220;default&#8220;][et_pb_text _builder_version=&#8220;4.6.6&#8243; _module_preset=&#8220;default&#8220; text_line_height=&#8220;1.4em&#8220;]<\/p>\n<p><strong>Comme \u00e7a march\u00e9?<\/strong><br \/>La longueur d\u2019onde UV-C (avec<br \/> une fre\u0301quence de 260 nm) du spectre des UV affecte l\u2019ADN des micro-organismes, de\u0301truisant leurs cellules et rendant impossible leur reproduction. De ce fait les micro- organismes deviennent inactifs et sans dangers ; au fil du temps il a e\u0301te\u0301 de\u0301montre\u0301 que des petites doses d\u2019 UV-C acce\u0301le\u0300rent la mort cellulaire.<\/p>\n<p>[\/et_pb_text][\/et_pb_column][et_pb_column type=&#8220;1_3&#8243; _builder_version=&#8220;4.6.6&#8243; _module_preset=&#8220;default&#8220;][et_pb_image src=&#8220;https:\/\/pag-willmop.ch\/fr\/wp-content\/uploads\/sites\/3\/2020\/11\/ECORAY5.jpg&#8220; alt=&#8220;Ecoray&#8220; title_text=&#8220;ECORAY5&#8243; show_in_lightbox=&#8220;on&#8220; _builder_version=&#8220;4.6.6&#8243; _module_preset=&#8220;default&#8220;][\/et_pb_image][\/et_pb_column][\/et_pb_row][et_pb_row _builder_version=&#8220;4.6.6&#8243; _module_preset=&#8220;default&#8220;][et_pb_column type=&#8220;4_4&#8243; _builder_version=&#8220;4.6.6&#8243; _module_preset=&#8220;default&#8220;][et_pb_divider _builder_version=&#8220;4.6.6&#8243; _module_preset=&#8220;default&#8220;][\/et_pb_divider][\/et_pb_column][\/et_pb_row][et_pb_row column_structure=&#8220;1_3,1_3,1_3&#8243; _builder_version=&#8220;4.6.6&#8243; _module_preset=&#8220;default&#8220;][et_pb_column type=&#8220;1_3&#8243; _builder_version=&#8220;4.6.6&#8243; _module_preset=&#8220;default&#8220;][et_pb_text _builder_version=&#8220;4.6.6&#8243; _module_preset=&#8220;default&#8220;]<\/p>\n<p>Dans les ho\u0302pitaux, blocs ope\u0301ratoires, et les e\u0301tablissements me\u0301dicalise\u0301s, ou\u0300 la vie des personnes de\u0301pend d\u2019un environnement sain et ste\u0301rile, il est indispensable de recourir a\u0300 des process de bionettoyage qui garantissent un niveau de proprete\u0301 et de de\u0301sinfection plus e\u0301leve\u0301.<\/p>\n<p>&nbsp;<\/p>\n<p>&nbsp;<\/p>\n<p>[\/et_pb_text][\/et_pb_column][et_pb_column type=&#8220;1_3&#8243; _builder_version=&#8220;4.6.6&#8243; _module_preset=&#8220;default&#8220;][et_pb_text _builder_version=&#8220;4.6.6&#8243; _module_preset=&#8220;default&#8220;]<\/p>\n<p>Nous avons pour cela associe\u0301 un syste\u0300me de rayon UV-C sur la WILLMOP 50, pour arriver a\u0300 la version Ecoray, la seule autolaveuse verticale qui nettoie et de\u0301sinfecte les sols sans utiliser de produits chimiques nocifs.<\/p>\n<p>[\/et_pb_text][\/et_pb_column][et_pb_column type=&#8220;1_3&#8243; _builder_version=&#8220;4.6.6&#8243; _module_preset=&#8220;default&#8220;][et_pb_image src=&#8220;https:\/\/pag-willmop.ch\/fr\/wp-content\/uploads\/sites\/3\/2020\/11\/BANNER_VORFUEHRUNG_franz.jpg&#8220; alt=&#8220;Willmop&#8220; title_text=&#8220;BANNER_VORFUEHRUNG_franz&#8220; url=&#8220;https:\/\/pag-willmop.ch\/fr\/vorfuehrungen\/&#8220; _builder_version=&#8220;4.6.6&#8243; _module_preset=&#8220;default&#8220; border_radii=&#8220;on|17px|17px|17px|17px&#8220;][\/et_pb_image][\/et_pb_column][\/et_pb_row][et_pb_row _builder_version=&#8220;4.6.6&#8243; _module_preset=&#8220;default&#8220;][et_pb_column type=&#8220;4_4&#8243; _builder_version=&#8220;4.6.6&#8243; _module_preset=&#8220;default&#8220;][et_pb_divider _builder_version=&#8220;4.6.6&#8243; _module_preset=&#8220;default&#8220;][\/et_pb_divider][\/et_pb_column][\/et_pb_row][et_pb_row column_structure=&#8220;1_3,2_3&#8243; _builder_version=&#8220;4.6.6&#8243; _module_preset=&#8220;default&#8220;][et_pb_column type=&#8220;1_3&#8243; _builder_version=&#8220;4.6.6&#8243; _module_preset=&#8220;default&#8220;][et_pb_text _builder_version=&#8220;4.6.6&#8243; _module_preset=&#8220;default&#8220;]<\/p>\n<ul>\n<li>Elimine parfaitement les moisissures et les bacte\u0301ries qui transmettent <br \/>les maladies infectieuses et re\u0301duit <br \/>les allergies.<\/li>\n<li>Pas d\u2019exposition aux produits chimiques et de\u0301sinfectants.<\/li>\n<li>Re\u0301duction des temps d\u2019arre\u0302t de la machine et des cou\u0302ts produits.<\/li>\n<li>Ame\u0301liore la qualite\u0301 de l\u2019air, sans danger de pollution pour l\u2019environnement.<\/li>\n<\/ul>\n<p>[\/et_pb_text][\/et_pb_column][et_pb_column type=&#8220;2_3&#8243; _builder_version=&#8220;4.6.6&#8243; _module_preset=&#8220;default&#8220;][et_pb_image src=&#8220;https:\/\/pag-willmop.ch\/fr\/wp-content\/uploads\/sites\/3\/2020\/11\/WILLMOP_8.jpg&#8220; alt=&#8220;Ecoray Willmop&#8220; title_text=&#8220;WILLMOP_8&#8243; _builder_version=&#8220;4.6.6&#8243; _module_preset=&#8220;default&#8220; border_width_all=&#8220;2px&#8220;][\/et_pb_image][\/et_pb_column][\/et_pb_row][et_pb_row _builder_version=&#8220;4.6.6&#8243; _module_preset=&#8220;default&#8220;][et_pb_column type=&#8220;4_4&#8243; _builder_version=&#8220;4.6.6&#8243; _module_preset=&#8220;default&#8220;][et_pb_divider _builder_version=&#8220;4.6.6&#8243; _module_preset=&#8220;default&#8220;][\/et_pb_divider][\/et_pb_column][\/et_pb_row][et_pb_row column_structure=&#8220;1_3,2_3&#8243; _builder_version=&#8220;4.6.6&#8243; _module_preset=&#8220;default&#8220;][et_pb_column type=&#8220;1_3&#8243; _builder_version=&#8220;4.6.6&#8243; _module_preset=&#8220;default&#8220;][et_pb_text _builder_version=&#8220;4.6.6&#8243; _module_preset=&#8220;default&#8220;]<\/p>\n<p><span style=\"color: #ff0000;\"><strong>Extrait d&#8217;une revue sp\u00e9cialis\u00e9e:<\/strong><\/span><\/p>\n<p>[\/et_pb_text][\/et_pb_column][et_pb_column type=&#8220;2_3&#8243; _builder_version=&#8220;4.6.6&#8243; _module_preset=&#8220;default&#8220;][et_pb_text _builder_version=&#8220;4.6.6&#8243; _module_preset=&#8220;default&#8220; background_color=&#8220;#dddddd&#8220; border_width_all=&#8220;17px&#8220; border_color_all=&#8220;#dddddd&#8220;]<\/p>\n<p><strong><span class=\"VIiyi\" jsaction=\"mouseup:BR6jm\" jsname=\"jqKxS\" lang=\"fr\"><span jsaction=\"agoMJf:PFBcW;usxOmf:aWLT7;jhKsnd:P7O7bd,F8DmGf;Q4AGo:Gm7gYd,qAKMYb;uFUCPb:pvnm0e,pfE8Hb,PFBcW;f56efd:dJXsye;EnoYf:KNzws,ZJsZZ,JgVSJc;zdMJQc:cCQNKb,ZJsZZ,zchEXc;Ytrrj:JJDvdc;tNR8yc:GeFvjb;oFN6Ye:hij5Wb\" jscontroller=\"Zl5N8\" jsmodel=\"SsMkhd\" jsname=\"txFAF\" class=\"JLqJ4b ChMk0b\" data-language-for-alternatives=\"fr\" data-language-to-translate-into=\"de\" data-phrase-index=\"0\" jsdata=\"uqLsIf;_;$20\"><span jsaction=\"click:qtZ4nf,GFf3ac,tMZCfe; mousedown:evWYGf,niacOc; mouseout:Nqw7Te; mouseover:qtZ4nf,c2aHje\" jsname=\"W297wb\">Introduction \u00e0 la d\u00e9sinfection UV<\/span><\/span><\/span><\/strong><\/p>\n<p><span class=\"VIiyi\" jsaction=\"mouseup:BR6jm\" jsname=\"jqKxS\" lang=\"fr\"><span jsaction=\"agoMJf:PFBcW;usxOmf:aWLT7;jhKsnd:P7O7bd,F8DmGf;Q4AGo:Gm7gYd,qAKMYb;uFUCPb:pvnm0e,pfE8Hb,PFBcW;f56efd:dJXsye;EnoYf:KNzws,ZJsZZ,JgVSJc;zdMJQc:cCQNKb,ZJsZZ,zchEXc;Ytrrj:JJDvdc;tNR8yc:GeFvjb;oFN6Ye:hij5Wb\" jscontroller=\"Zl5N8\" jsmodel=\"SsMkhd\" jsname=\"txFAF\" class=\"JLqJ4b\" data-language-for-alternatives=\"fr\" data-language-to-translate-into=\"de\" data-phrase-index=\"1\" jsdata=\"uqLsIf;_;$21\"><span jsaction=\"click:qtZ4nf,GFf3ac,tMZCfe; mousedown:evWYGf,niacOc; mouseout:Nqw7Te; mouseover:qtZ4nf,c2aHje\" jsname=\"W297wb\"> <\/span><\/span><span jsaction=\"agoMJf:PFBcW;usxOmf:aWLT7;jhKsnd:P7O7bd,F8DmGf;Q4AGo:Gm7gYd,qAKMYb;uFUCPb:pvnm0e,pfE8Hb,PFBcW;f56efd:dJXsye;EnoYf:KNzws,ZJsZZ,JgVSJc;zdMJQc:cCQNKb,ZJsZZ,zchEXc;Ytrrj:JJDvdc;tNR8yc:GeFvjb;oFN6Ye:hij5Wb\" jscontroller=\"Zl5N8\" jsmodel=\"SsMkhd\" jsname=\"txFAF\" class=\"JLqJ4b ChMk0b\" data-language-for-alternatives=\"fr\" data-language-to-translate-into=\"de\" data-phrase-index=\"2\" jsdata=\"uqLsIf;_;$22\"><span jsaction=\"click:qtZ4nf,GFf3ac,tMZCfe; mousedown:evWYGf,niacOc; mouseout:Nqw7Te; mouseover:qtZ4nf,c2aHje\" jsname=\"W297wb\">Contrairement aux processus de d\u00e9sinfection chimique de l&#8217;eau, la d\u00e9sinfection UV est bas\u00e9e sur un processus physique dans lequel les micro-organismes sont tu\u00e9s rapidement et efficacement.<\/span><\/span> <span jsaction=\"agoMJf:PFBcW;usxOmf:aWLT7;jhKsnd:P7O7bd,F8DmGf;Q4AGo:Gm7gYd,qAKMYb;uFUCPb:pvnm0e,pfE8Hb,PFBcW;f56efd:dJXsye;EnoYf:KNzws,ZJsZZ,JgVSJc;zdMJQc:cCQNKb,ZJsZZ,zchEXc;Ytrrj:JJDvdc;tNR8yc:GeFvjb;oFN6Ye:hij5Wb\" jscontroller=\"Zl5N8\" jsmodel=\"SsMkhd\" jsname=\"txFAF\" class=\"JLqJ4b ChMk0b\" data-language-for-alternatives=\"fr\" data-language-to-translate-into=\"de\" data-phrase-index=\"3\" jsdata=\"uqLsIf;_;$23\"><span jsaction=\"click:qtZ4nf,GFf3ac,tMZCfe; mousedown:evWYGf,niacOc; mouseout:Nqw7Te; mouseover:qtZ4nf,c2aHje\" jsname=\"W297wb\">Lorsque les bact\u00e9ries, virus et protozoaires sont expos\u00e9s aux longueurs d&#8217;onde germicides du rayonnement UV, ils perdent leur capacit\u00e9 \u00e0 se reproduire et \u00e0 s&#8217;infecter.<\/span><\/span><span jsaction=\"agoMJf:PFBcW;usxOmf:aWLT7;jhKsnd:P7O7bd,F8DmGf;Q4AGo:Gm7gYd,qAKMYb;uFUCPb:pvnm0e,pfE8Hb,PFBcW;f56efd:dJXsye;EnoYf:KNzws,ZJsZZ,JgVSJc;zdMJQc:cCQNKb,ZJsZZ,zchEXc;Ytrrj:JJDvdc;tNR8yc:GeFvjb;oFN6Ye:hij5Wb\" jscontroller=\"Zl5N8\" jsmodel=\"SsMkhd\" jsname=\"txFAF\" class=\"JLqJ4b\" data-language-for-alternatives=\"fr\" data-language-to-translate-into=\"de\" data-phrase-index=\"4\" jsdata=\"uqLsIf;_;$24\"><span jsaction=\"click:qtZ4nf,GFf3ac,tMZCfe; mousedown:evWYGf,niacOc; mouseout:Nqw7Te; mouseover:qtZ4nf,c2aHje\" jsname=\"W297wb\"> <\/span><\/span><\/span><\/p>\n<p><span class=\"VIiyi\" jsaction=\"mouseup:BR6jm\" jsname=\"jqKxS\" lang=\"fr\"><span jsaction=\"agoMJf:PFBcW;usxOmf:aWLT7;jhKsnd:P7O7bd,F8DmGf;Q4AGo:Gm7gYd,qAKMYb;uFUCPb:pvnm0e,pfE8Hb,PFBcW;f56efd:dJXsye;EnoYf:KNzws,ZJsZZ,JgVSJc;zdMJQc:cCQNKb,ZJsZZ,zchEXc;Ytrrj:JJDvdc;tNR8yc:GeFvjb;oFN6Ye:hij5Wb\" jscontroller=\"Zl5N8\" jsmodel=\"SsMkhd\" jsname=\"txFAF\" class=\"JLqJ4b ChMk0b\" data-language-for-alternatives=\"fr\" data-language-to-translate-into=\"de\" data-phrase-index=\"5\" jsdata=\"uqLsIf;_;$25\"><span jsaction=\"click:qtZ4nf,GFf3ac,tMZCfe; mousedown:evWYGf,niacOc; mouseout:Nqw7Te; mouseover:qtZ4nf,c2aHje\" jsname=\"W297wb\">La lumi\u00e8re ultraviolette est invisible \u00e0 l&#8217;\u0153il humain, mais est utilis\u00e9e pour d\u00e9sinfecter ou d\u00e9truire les micro-organismes, y compris les protozoaires r\u00e9sistants au chlore.<\/span><\/span><\/span><\/p>\n<p>[\/et_pb_text][\/et_pb_column][\/et_pb_row][\/et_pb_section]<\/p>\n ","protected":false},"excerpt":{"rendered":"<p>Le PAG WILLMOP 50 B ECORAY<br \/>\nnettoie en outre avec une lampe UV-C.<br \/>\nPour une propret\u00e9 parfaite<br \/>\net une d\u00e9sinfection simultan\u00e9e. Comme \u00e7a march\u00e9?<br \/>\nLa longueur d\u2019onde UV-C (avec<br \/>\nune fre\u0301quence de 260 nm) du spectre des UV affecte l\u2019ADN des micro-organismes, de\u0301truisant leurs cellules et rendant impossible leur reproduction. De ce fait les micro- organismes deviennent inactifs et sans dangers ; au fil du temps il a e\u0301te\u0301 de\u0301montre\u0301 que des petites doses d\u2019 UV-C acce\u0301le\u0300rent la mort cellulaire. <\/p>\n<p>Dans les ho\u0302pitaux, blocs ope\u0301ratoires, et les e\u0301tablissements me\u0301dicalise\u0301s, ou\u0300 la vie des personnes de\u0301pend d\u2019un environnement sain et ste\u0301rile, il est indispensable de recourir a\u0300 des process de bionettoyage qui garantissent un niveau de proprete\u0301 et de de\u0301sinfection plus e\u0301leve\u0301.<\/p>\n<p>Nous avons pour cela associe\u0301 un syste\u0300me de rayon UV-C sur la WILLMOP 50, pour arriver a\u0300 la version Ecoray, la seule autolaveuse verticale qui nettoie et de\u0301sinfecte les sols sans utiliser de produits chimiques nocifs.<\/p>\n","protected":false},"author":1,"featured_media":17,"parent":0,"menu_order":0,"comment_status":"closed","ping_status":"closed","template":"","meta":{"_et_pb_use_builder":"on","_et_pb_old_content":"","_et_gb_content_width":"","footnotes":""},"yoast_head":"<!-- This site is optimized with the Yoast SEO plugin v21.2 - https:\/\/yoast.com\/wordpress\/plugins\/seo\/ -->\n<title>Ecoray, PAG, Willmop, Lampe UV-C, D\u00e9sinfection, tsm, Willmop-50b<\/title>\n<meta name=\"description\" content=\"Ecoray, ecoray-2, Willmop, PAG, tsm, autolaveuse conventionnelle, stable, iMop, Brio, Mop, machine de nettoyage, facile \u00e0 travailler\" \/>\n<meta name=\"robots\" content=\"index, follow, max-snippet:-1, max-image-preview:large, max-video-preview:-1\" \/>\n<link rel=\"canonical\" href=\"https:\/\/pag-willmop.ch\/fr\/ecoray-2\/\" \/>\n<meta property=\"og:locale\" content=\"de_DE\" \/>\n<meta property=\"og:type\" content=\"article\" \/>\n<meta property=\"og:title\" content=\"Ecoray, PAG, Willmop, Lampe UV-C, D\u00e9sinfection, tsm, Willmop-50b\" \/>\n<meta property=\"og:description\" content=\"Ecoray, ecoray-2, Willmop, PAG, tsm, autolaveuse conventionnelle, stable, iMop, Brio, Mop, machine de nettoyage, facile \u00e0 travailler\" \/>\n<meta property=\"og:url\" content=\"https:\/\/pag-willmop.ch\/fr\/ecoray-2\/\" \/>\n<meta property=\"og:site_name\" content=\"PAG Willmop (fr)\" \/>\n<meta property=\"article:modified_time\" content=\"2021-03-04T14:28:37+00:00\" \/>\n<meta property=\"og:image\" content=\"https:\/\/pag-willmop.ch\/fr\/wp-content\/uploads\/sites\/3\/2020\/11\/ECORAY5.jpg\" \/>\n\t<meta property=\"og:image:width\" content=\"1200\" \/>\n\t<meta property=\"og:image:height\" content=\"1200\" \/>\n\t<meta property=\"og:image:type\" content=\"image\/jpeg\" \/>\n<meta name=\"twitter:card\" content=\"summary_large_image\" \/>\n<meta name=\"twitter:label1\" content=\"Gesch\u00e4tzte Lesezeit\" \/>\n\t<meta name=\"twitter:data1\" content=\"2\u00a0Minuten\" \/>\n<script type=\"application\/ld+json\" class=\"yoast-schema-graph\">{\"@context\":\"https:\/\/schema.org\",\"@graph\":[{\"@type\":\"WebPage\",\"@id\":\"https:\/\/pag-willmop.ch\/fr\/ecoray-2\/\",\"url\":\"https:\/\/pag-willmop.ch\/fr\/ecoray-2\/\",\"name\":\"Ecoray, PAG, Willmop, Lampe UV-C, D\u00e9sinfection, tsm, Willmop-50b\",\"isPartOf\":{\"@id\":\"https:\/\/pag-willmop.ch\/fr\/#website\"},\"datePublished\":\"2020-11-08T11:09:09+00:00\",\"dateModified\":\"2021-03-04T14:28:37+00:00\",\"description\":\"Ecoray, ecoray-2, Willmop, PAG, tsm, autolaveuse conventionnelle, stable, iMop, Brio, Mop, machine de nettoyage, facile \u00e0 travailler\",\"breadcrumb\":{\"@id\":\"https:\/\/pag-willmop.ch\/fr\/ecoray-2\/#breadcrumb\"},\"inLanguage\":\"de\",\"potentialAction\":[{\"@type\":\"ReadAction\",\"target\":[\"https:\/\/pag-willmop.ch\/fr\/ecoray-2\/\"]}]},{\"@type\":\"BreadcrumbList\",\"@id\":\"https:\/\/pag-willmop.ch\/fr\/ecoray-2\/#breadcrumb\",\"itemListElement\":[{\"@type\":\"ListItem\",\"position\":1,\"name\":\"Startseite\",\"item\":\"https:\/\/pag-willmop.ch\/fr\/\"},{\"@type\":\"ListItem\",\"position\":2,\"name\":\"ECORAY\"}]},{\"@type\":\"WebSite\",\"@id\":\"https:\/\/pag-willmop.ch\/fr\/#website\",\"url\":\"https:\/\/pag-willmop.ch\/fr\/\",\"name\":\"PAG Willmop (fr)\",\"description\":\"Eine weitere PAG Willmop Website\",\"potentialAction\":[{\"@type\":\"SearchAction\",\"target\":{\"@type\":\"EntryPoint\",\"urlTemplate\":\"https:\/\/pag-willmop.ch\/fr\/?s={search_term_string}\"},\"query-input\":\"required name=search_term_string\"}],\"inLanguage\":\"de\"}]}<\/script>\n<!-- \/ Yoast SEO plugin. -->","yoast_head_json":{"title":"Ecoray, PAG, Willmop, Lampe UV-C, D\u00e9sinfection, tsm, Willmop-50b","description":"Ecoray, ecoray-2, Willmop, PAG, tsm, autolaveuse conventionnelle, stable, iMop, Brio, Mop, machine de nettoyage, facile \u00e0 travailler","robots":{"index":"index","follow":"follow","max-snippet":"max-snippet:-1","max-image-preview":"max-image-preview:large","max-video-preview":"max-video-preview:-1"},"canonical":"https:\/\/pag-willmop.ch\/fr\/ecoray-2\/","og_locale":"de_DE","og_type":"article","og_title":"Ecoray, PAG, Willmop, Lampe UV-C, D\u00e9sinfection, tsm, Willmop-50b","og_description":"Ecoray, ecoray-2, Willmop, PAG, tsm, autolaveuse conventionnelle, stable, iMop, Brio, Mop, machine de nettoyage, facile \u00e0 travailler","og_url":"https:\/\/pag-willmop.ch\/fr\/ecoray-2\/","og_site_name":"PAG Willmop (fr)","article_modified_time":"2021-03-04T14:28:37+00:00","og_image":[{"width":1200,"height":1200,"url":"https:\/\/pag-willmop.ch\/fr\/wp-content\/uploads\/sites\/3\/2020\/11\/ECORAY5.jpg","type":"image\/jpeg"}],"twitter_card":"summary_large_image","twitter_misc":{"Gesch\u00e4tzte Lesezeit":"2\u00a0Minuten"},"schema":{"@context":"https:\/\/schema.org","@graph":[{"@type":"WebPage","@id":"https:\/\/pag-willmop.ch\/fr\/ecoray-2\/","url":"https:\/\/pag-willmop.ch\/fr\/ecoray-2\/","name":"Ecoray, PAG, Willmop, Lampe UV-C, D\u00e9sinfection, tsm, Willmop-50b","isPartOf":{"@id":"https:\/\/pag-willmop.ch\/fr\/#website"},"datePublished":"2020-11-08T11:09:09+00:00","dateModified":"2021-03-04T14:28:37+00:00","description":"Ecoray, ecoray-2, Willmop, PAG, tsm, autolaveuse conventionnelle, stable, iMop, Brio, Mop, machine de nettoyage, facile \u00e0 travailler","breadcrumb":{"@id":"https:\/\/pag-willmop.ch\/fr\/ecoray-2\/#breadcrumb"},"inLanguage":"de","potentialAction":[{"@type":"ReadAction","target":["https:\/\/pag-willmop.ch\/fr\/ecoray-2\/"]}]},{"@type":"BreadcrumbList","@id":"https:\/\/pag-willmop.ch\/fr\/ecoray-2\/#breadcrumb","itemListElement":[{"@type":"ListItem","position":1,"name":"Startseite","item":"https:\/\/pag-willmop.ch\/fr\/"},{"@type":"ListItem","position":2,"name":"ECORAY"}]},{"@type":"WebSite","@id":"https:\/\/pag-willmop.ch\/fr\/#website","url":"https:\/\/pag-willmop.ch\/fr\/","name":"PAG Willmop (fr)","description":"Eine weitere PAG Willmop Website","potentialAction":[{"@type":"SearchAction","target":{"@type":"EntryPoint","urlTemplate":"https:\/\/pag-willmop.ch\/fr\/?s={search_term_string}"},"query-input":"required name=search_term_string"}],"inLanguage":"de"}]}},"_links":{"self":[{"href":"https:\/\/pag-willmop.ch\/fr\/wp-json\/wp\/v2\/pages\/85"}],"collection":[{"href":"https:\/\/pag-willmop.ch\/fr\/wp-json\/wp\/v2\/pages"}],"about":[{"href":"https:\/\/pag-willmop.ch\/fr\/wp-json\/wp\/v2\/types\/page"}],"author":[{"embeddable":true,"href":"https:\/\/pag-willmop.ch\/fr\/wp-json\/wp\/v2\/users\/1"}],"replies":[{"embeddable":true,"href":"https:\/\/pag-willmop.ch\/fr\/wp-json\/wp\/v2\/comments?post=85"}],"version-history":[{"count":11,"href":"https:\/\/pag-willmop.ch\/fr\/wp-json\/wp\/v2\/pages\/85\/revisions"}],"predecessor-version":[{"id":225,"href":"https:\/\/pag-willmop.ch\/fr\/wp-json\/wp\/v2\/pages\/85\/revisions\/225"}],"wp:featuredmedia":[{"embeddable":true,"href":"https:\/\/pag-willmop.ch\/fr\/wp-json\/wp\/v2\/media\/17"}],"wp:attachment":[{"href":"https:\/\/pag-willmop.ch\/fr\/wp-json\/wp\/v2\/media?parent=85"}],"curies":[{"name":"wp","href":"https:\/\/api.w.org\/{rel}","templated":true}]}}