{"id":68,"date":"2021-03-06T16:02:51","date_gmt":"2021-03-06T15:02:51","guid":{"rendered":"https:\/\/pag-willmop.ch\/it\/?page_id=68"},"modified":"2021-03-08T16:12:34","modified_gmt":"2021-03-08T15:12:34","slug":"willmop-50-b","status":"publish","type":"page","link":"https:\/\/pag-willmop.ch\/it\/willmop-50-b\/","title":{"rendered":"WILLMOP-50 B"},"content":{"rendered":"<p>[et_pb_section fb_built=&#8220;1&#8243; _builder_version=&#8220;4.9.0&#8243; _module_preset=&#8220;default&#8220;][et_pb_row column_structure=&#8220;1_6,1_6,1_6,1_6,1_6,1_6&#8243; _builder_version=&#8220;4.9.0&#8243; _module_preset=&#8220;default&#8220;][et_pb_column type=&#8220;1_6&#8243; _builder_version=&#8220;4.9.0&#8243; _module_preset=&#8220;default&#8220;][\/et_pb_column][et_pb_column type=&#8220;1_6&#8243; _builder_version=&#8220;4.9.0&#8243; _module_preset=&#8220;default&#8220;][\/et_pb_column][et_pb_column type=&#8220;1_6&#8243; _builder_version=&#8220;4.9.0&#8243; _module_preset=&#8220;default&#8220;][\/et_pb_column][et_pb_column type=&#8220;1_6&#8243; _builder_version=&#8220;4.9.0&#8243; _module_preset=&#8220;default&#8220;][et_pb_text _builder_version=&#8220;4.9.0&#8243; _module_preset=&#8220;default&#8220; background_color=&#8220;#0C71C3&#8243;]<\/p>\n<p style=\"text-align: center;\"><a href=\"https:\/\/pag-willmop.ch\/home-willmop-tsm-ecoray-brio\/willmop-50b\/\"><span style=\"color: #ffffff;\"><strong>DEUTSCH<\/strong><\/span><\/a><\/p>\n<p>[\/et_pb_text][\/et_pb_column][et_pb_column type=&#8220;1_6&#8243; _builder_version=&#8220;4.9.0&#8243; _module_preset=&#8220;default&#8220;][et_pb_text _builder_version=&#8220;4.9.0&#8243; _module_preset=&#8220;default&#8220; background_color=&#8220;#0C71C3&#8243;]<\/p>\n<p style=\"text-align: center;\"><a href=\"https:\/\/pag-willmop.ch\/fr\/willmop-50b\/\"><span style=\"color: #ffffff;\"><strong>FRANCAIS<\/strong><\/span><\/a><\/p>\n<p>[\/et_pb_text][\/et_pb_column][et_pb_column type=&#8220;1_6&#8243; _builder_version=&#8220;4.9.0&#8243; _module_preset=&#8220;default&#8220;][\/et_pb_column][\/et_pb_row][et_pb_row _builder_version=&#8220;4.9.0&#8243; _module_preset=&#8220;default&#8220;][et_pb_column type=&#8220;4_4&#8243; _builder_version=&#8220;4.9.0&#8243; _module_preset=&#8220;default&#8220;][et_pb_image src=&#8220;https:\/\/pag-willmop.ch\/it\/wp-content\/uploads\/sites\/4\/2021\/03\/50B_1_KOPF.jpg&#8220; title_text=&#8220;50B_1_KOPF&#8220; _builder_version=&#8220;4.9.0&#8243; _module_preset=&#8220;default&#8220;][\/et_pb_image][\/et_pb_column][\/et_pb_row][et_pb_row column_structure=&#8220;2_5,3_5&#8243; _builder_version=&#8220;4.9.0&#8243; _module_preset=&#8220;default&#8220;][et_pb_column type=&#8220;2_5&#8243; _builder_version=&#8220;4.9.0&#8243; _module_preset=&#8220;default&#8220;][et_pb_text _builder_version=&#8220;4.9.0&#8243; _module_preset=&#8220;default&#8220;]<\/p>\n<p><strong>Questo \u00e8 ci\u00f2 che distingue il PAG WILLMOP<\/strong><br \/> <strong>dai prodotti comparabili della concorrenza<\/strong><\/p>\n<p><strong><\/strong><\/p>\n<ul>\n<li>rapidamente pronto per il funzionamento\n<\/li>\n<li>forte batteria al litio<\/li>\n<li>cambio batteria a mano<\/li>\n<li>utilizzabile ovunque<\/li>\n<li>facile da lavorare<\/li>\n<li>pu\u00f2 essere azionato con una sola mano<\/li>\n<li>pu\u00f2 essere azionato con una sola mano<\/li>\n<li>pu\u00f2 essere azionato con una sola mano<\/li>\n<li>facile sostituzione del serbatoio<\/li>\n<\/ul>\n<p>&nbsp;<\/p>\n<p>[\/et_pb_text][et_pb_text _builder_version=&#8220;4.9.0&#8243; _module_preset=&#8220;default&#8220;]<\/p>\n<p><strong>PAG WILLMOP 50 B<\/strong><\/p>\n<p>Perfetto per l&#8217;uso in imprese di pulizia, ospedali, case, scuole, palestre, centri fitness, ristoranti, hotel, ecc. Il PAG WILLMOP affronta qualsiasi sfida! Sia in stanze con ostacoli, angoli, ecc., il PAG WILLMOP pu\u00f2 essere guidato in tutte le situazioni anche con una sola mano.<\/p>\n<p>[\/et_pb_text][et_pb_text _builder_version=&#8220;4.9.0&#8243; _module_preset=&#8220;default&#8220;]<\/p>\n<p><strong>La pulizia non deve essere un lavoro duro.<\/strong> Usa l&#8217;attrezzatura giusta &#8211; la PAG WILLMOP &#8211; la lavapavimenti pi\u00f9 leggera e facile da maneggiare. E le batterie al litio di ultima generazione garantiscono un tempo di funzionamento molto lungo.<\/p>\n<p>[\/et_pb_text][et_pb_image src=&#8220;https:\/\/pag-willmop.ch\/it\/wp-content\/uploads\/sites\/4\/2021\/03\/AUFZAEHLUNG_IT.jpg&#8220; title_text=&#8220;AUFZAEHLUNG_IT&#8220; show_in_lightbox=&#8220;on&#8220; _builder_version=&#8220;4.9.0&#8243; _module_preset=&#8220;default&#8220;][\/et_pb_image][\/et_pb_column][et_pb_column type=&#8220;3_5&#8243; _builder_version=&#8220;4.9.0&#8243; _module_preset=&#8220;default&#8220;][et_pb_image src=&#8220;https:\/\/pag-willmop.ch\/it\/wp-content\/uploads\/sites\/4\/2021\/03\/BEDIENUNGS-ANLEIT_WILLMOP_ital.jpg&#8220; alt=&#8220;Willmop, PAG, tsm&#8220; title_text=&#8220;BEDIENUNGS-ANLEIT_WILLMOP_ital&#8220; show_in_lightbox=&#8220;on&#8220; _builder_version=&#8220;4.9.0&#8243; _module_preset=&#8220;default&#8220; border_width_all=&#8220;1px&#8220;][\/et_pb_image][\/et_pb_column][\/et_pb_row][\/et_pb_section][et_pb_section fb_built=&#8220;1&#8243; _builder_version=&#8220;4.9.0&#8243; _module_preset=&#8220;default&#8220;][et_pb_row column_structure=&#8220;1_3,1_3,1_3&#8243; _builder_version=&#8220;4.9.0&#8243; _module_preset=&#8220;default&#8220;][et_pb_column type=&#8220;1_3&#8243; _builder_version=&#8220;4.9.0&#8243; _module_preset=&#8220;default&#8220;][et_pb_image src=&#8220;https:\/\/pag-willmop.ch\/it\/wp-content\/uploads\/sites\/4\/2021\/03\/BANNER_VORFUEHRUNG_IT.jpg&#8220; title_text=&#8220;BANNER_VORFUEHRUNG_IT&#8220; url=&#8220;https:\/\/pag-willmop.ch\/it\/vorfuehrungen\/&#8220; _builder_version=&#8220;4.9.0&#8243; _module_preset=&#8220;default&#8220;][\/et_pb_image][\/et_pb_column][et_pb_column type=&#8220;1_3&#8243; _builder_version=&#8220;4.9.0&#8243; _module_preset=&#8220;default&#8220;][et_pb_image src=&#8220;https:\/\/pag-willmop.ch\/it\/wp-content\/uploads\/sites\/4\/2021\/03\/WILLMOP_6.gif&#8220; title_text=&#8220;WILLMOP_6&#8243; _builder_version=&#8220;4.9.0&#8243; _module_preset=&#8220;default&#8220; background_color=&#8220;#5B8500&#8243;][\/et_pb_image][\/et_pb_column][et_pb_column type=&#8220;1_3&#8243; _builder_version=&#8220;4.9.0&#8243; _module_preset=&#8220;default&#8220;][et_pb_text _builder_version=&#8220;4.9.0&#8243; _module_preset=&#8220;default&#8220;]<\/p>\n<p><strong>Ecco quanto \u00e8 facile spostare il nuovo<\/strong><br \/><strong> PAG WILLMOP si muove&#8230;<\/strong><\/p>\n<p>[\/et_pb_text][\/et_pb_column][\/et_pb_row][et_pb_row column_structure=&#8220;1_3,1_3,1_3&#8243; _builder_version=&#8220;4.9.0&#8243; _module_preset=&#8220;default&#8220;][et_pb_column type=&#8220;1_3&#8243; _builder_version=&#8220;4.9.0&#8243; _module_preset=&#8220;default&#8220;][et_pb_image src=&#8220;https:\/\/pag-willmop.ch\/it\/wp-content\/uploads\/sites\/4\/2021\/03\/BANNER_VIDEO1_IT_060321.jpg&#8220; title_text=&#8220;BANNER_VIDEO1_IT_060321&#8243; url_new_window=&#8220;on&#8220; _builder_version=&#8220;4.9.0&#8243; _module_preset=&#8220;default&#8220; hover_enabled=&#8220;0&#8243; url=&#8220;https:\/\/www.youtube.com\/watch?v=FCM5h5Q2ohY&#8220; sticky_enabled=&#8220;0&#8243;][\/et_pb_image][et_pb_image src=&#8220;https:\/\/pag-willmop.ch\/it\/wp-content\/uploads\/sites\/4\/2021\/03\/BANNER_VIDEO2_IT_060321.jpg&#8220; title_text=&#8220;BANNER_VIDEO2_IT_060321&#8243; url=&#8220;https:\/\/www.youtube.com\/watch?v=GHIZVUsmX6M&#8220; url_new_window=&#8220;on&#8220; _builder_version=&#8220;4.9.0&#8243; _module_preset=&#8220;default&#8220;][\/et_pb_image][et_pb_image src=&#8220;https:\/\/pag-willmop.ch\/it\/wp-content\/uploads\/sites\/4\/2021\/03\/BANNER_FLYER_IT_060321.jpg&#8220; title_text=&#8220;BANNER_FLYER_IT_060321&#8243; url=&#8220;https:\/\/pag-willmop.ch\/it\/wp-content\/uploads\/sites\/4\/2021\/03\/DATENBLATT_WILLMOP_IT.pdf&#8220; url_new_window=&#8220;on&#8220; _builder_version=&#8220;4.9.0&#8243; _module_preset=&#8220;default&#8220; custom_margin=&#8220;0px||||false|false&#8220; custom_padding=&#8220;20px||||false|false&#8220;][\/et_pb_image][\/et_pb_column][et_pb_column type=&#8220;1_3&#8243; _builder_version=&#8220;4.9.0&#8243; _module_preset=&#8220;default&#8220;][et_pb_image src=&#8220;https:\/\/pag-willmop.ch\/it\/wp-content\/uploads\/sites\/4\/2021\/03\/WILLMOP_5.jpg&#8220; title_text=&#8220;WILLMOP_5&#8243; show_in_lightbox=&#8220;on&#8220; _builder_version=&#8220;4.9.0&#8243; _module_preset=&#8220;default&#8220;][\/et_pb_image][\/et_pb_column][et_pb_column type=&#8220;1_3&#8243; _builder_version=&#8220;4.9.0&#8243; _module_preset=&#8220;default&#8220;][et_pb_text _builder_version=&#8220;4.9.0&#8243; _module_preset=&#8220;default&#8220;]<\/p>\n<p><strong>Per spazi affollati, basta una mano.<\/strong><br \/> Aree commerciali, ospedali, scuole, ristoranti<br \/> e centri sportivi ci mettono davanti a sfide di pulizia complesse: superfici ricche di ostacoli, spazi piu\u0300 difficili da raggiungere, standard piu\u0300 elevati da mantenere. Ma anche quando gli ambienti si fanno grandi e affollati, non e\u0300 detto che il lavoro debba risultare pesante per chi lo svolge. Basta equipaggiarsi degli strumenti giusti.<\/p>\n<p>Per tutti questi motivi abbiamo sviluppato WILLMOP 50, la lavapavimenti verticale piu\u0300 leggera e maneggevole del mercato che unisce le elevate prestazioni di una macchina professionale con la flessibilita\u0300 del vecchio mocio, consentendo un utilizzo infinito grazie alla batteria al litio di nuova generazione.<\/p>\n<p>[\/et_pb_text][\/et_pb_column][\/et_pb_row][et_pb_row _builder_version=&#8220;4.9.0&#8243; _module_preset=&#8220;default&#8220;][et_pb_column type=&#8220;4_4&#8243; _builder_version=&#8220;4.9.0&#8243; _module_preset=&#8220;default&#8220;][et_pb_image src=&#8220;https:\/\/pag-willmop.ch\/it\/wp-content\/uploads\/sites\/4\/2021\/03\/LEISTUNGSSYMBOLE_IT.jpg&#8220; title_text=&#8220;LEISTUNGSSYMBOLE_IT&#8220; _builder_version=&#8220;4.9.0&#8243; _module_preset=&#8220;default&#8220; border_width_all=&#8220;1px&#8220;][\/et_pb_image][\/et_pb_column][\/et_pb_row][et_pb_row column_structure=&#8220;1_3,1_3,1_3&#8243; _builder_version=&#8220;4.9.0&#8243; _module_preset=&#8220;default&#8220;][et_pb_column type=&#8220;1_3&#8243; _builder_version=&#8220;4.9.0&#8243; _module_preset=&#8220;default&#8220;][et_pb_image src=&#8220;https:\/\/pag-willmop.ch\/it\/wp-content\/uploads\/sites\/4\/2021\/03\/WILLMOP_6.jpg&#8220; title_text=&#8220;WILLMOP_6&#8243; show_in_lightbox=&#8220;on&#8220; _builder_version=&#8220;4.9.0&#8243; _module_preset=&#8220;default&#8220;][\/et_pb_image][\/et_pb_column][et_pb_column type=&#8220;1_3&#8243; _builder_version=&#8220;4.9.0&#8243; _module_preset=&#8220;default&#8220;][et_pb_image src=&#8220;https:\/\/pag-willmop.ch\/it\/wp-content\/uploads\/sites\/4\/2021\/03\/WILLMOP_7_FRAU.jpg&#8220; title_text=&#8220;WILLMOP_7_FRAU&#8220; show_in_lightbox=&#8220;on&#8220; _builder_version=&#8220;4.9.0&#8243; _module_preset=&#8220;default&#8220;][\/et_pb_image][\/et_pb_column][et_pb_column type=&#8220;1_3&#8243; _builder_version=&#8220;4.9.0&#8243; _module_preset=&#8220;default&#8220;][et_pb_image src=&#8220;https:\/\/pag-willmop.ch\/it\/wp-content\/uploads\/sites\/4\/2021\/03\/WILLMOP_7_FRAU.jpg&#8220; title_text=&#8220;WILLMOP_7_FRAU&#8220; show_in_lightbox=&#8220;on&#8220; _builder_version=&#8220;4.9.0&#8243; _module_preset=&#8220;default&#8220;][\/et_pb_image][\/et_pb_column][\/et_pb_row][et_pb_row _builder_version=&#8220;4.9.0&#8243; _module_preset=&#8220;default&#8220;][et_pb_column type=&#8220;4_4&#8243; _builder_version=&#8220;4.9.0&#8243; _module_preset=&#8220;default&#8220;][et_pb_text _builder_version=&#8220;4.9.0&#8243; _module_preset=&#8220;default&#8220;]<\/p>\n<h2 style=\"text-align: center;\">Il PAG WILLMOP pu\u00f2 essere utilizzato rapidamente e ovunque.<br \/> <span style=\"color: #ffffff;\">.<\/span><\/h2>\n<p>&nbsp;<\/p>\n<h2 style=\"text-align: center;\">Se necessario, la batteria ricaricabile (potenti batterie al litio) <br \/>pu\u00f2 essere sostituita con una semplice maniglia.<\/h2>\n<p>&nbsp;<\/p>\n<p>&nbsp;<\/p>\n<h2 style=\"text-align: center;\">Lavorare con il PAG WILLMOP \u00e8 facile,<br \/> anche con una sola mano &#8211; e quando viene rilasciato, <br \/>il PAG WILLMOP si ferma automaticamente <br \/>e rimane in posizione.<\/h2>\n<p>[\/et_pb_text][\/et_pb_column][\/et_pb_row][\/et_pb_section]<\/p>\n ","protected":false},"excerpt":{"rendered":"<p>DEUTSCHFRANCAISQuesto \u00e8 ci\u00f2 che distingue il PAG WILLMOP dai prodotti comparabili della concorrenza rapidamente pronto per il funzionamento forte batteria al litio cambio batteria a mano utilizzabile ovunque facile da lavorare pu\u00f2 essere azionato con una sola mano pu\u00f2 essere azionato con una sola mano pu\u00f2 essere azionato con una sola mano facile sostituzione del [&hellip;]<\/p>\n","protected":false},"author":1,"featured_media":0,"parent":0,"menu_order":0,"comment_status":"closed","ping_status":"closed","template":"","meta":{"_et_pb_use_builder":"on","_et_pb_old_content":"","_et_gb_content_width":"","footnotes":""},"yoast_head":"<!-- This site is optimized with the Yoast SEO plugin v21.2 - https:\/\/yoast.com\/wordpress\/plugins\/seo\/ -->\n<title>WILLMOP-50 B - Willmop IT<\/title>\n<meta name=\"robots\" content=\"index, follow, max-snippet:-1, max-image-preview:large, max-video-preview:-1\" \/>\n<link rel=\"canonical\" href=\"https:\/\/pag-willmop.ch\/it\/willmop-50-b\/\" \/>\n<meta property=\"og:locale\" content=\"de_DE\" \/>\n<meta property=\"og:type\" content=\"article\" \/>\n<meta property=\"og:title\" content=\"WILLMOP-50 B - Willmop IT\" \/>\n<meta property=\"og:description\" content=\"DEUTSCHFRANCAISQuesto \u00e8 ci\u00f2 che distingue il PAG WILLMOP dai prodotti comparabili della concorrenza rapidamente pronto per il funzionamento forte batteria al litio cambio batteria a mano utilizzabile ovunque facile da lavorare pu\u00f2 essere azionato con una sola mano pu\u00f2 essere azionato con una sola mano pu\u00f2 essere azionato con una sola mano facile sostituzione del [&hellip;]\" \/>\n<meta property=\"og:url\" content=\"https:\/\/pag-willmop.ch\/it\/willmop-50-b\/\" \/>\n<meta property=\"og:site_name\" content=\"Willmop IT\" \/>\n<meta property=\"article:modified_time\" content=\"2021-03-08T15:12:34+00:00\" \/>\n<meta name=\"twitter:card\" content=\"summary_large_image\" \/>\n<script type=\"application\/ld+json\" class=\"yoast-schema-graph\">{\"@context\":\"https:\/\/schema.org\",\"@graph\":[{\"@type\":\"WebPage\",\"@id\":\"https:\/\/pag-willmop.ch\/it\/willmop-50-b\/\",\"url\":\"https:\/\/pag-willmop.ch\/it\/willmop-50-b\/\",\"name\":\"WILLMOP-50 B - Willmop IT\",\"isPartOf\":{\"@id\":\"https:\/\/pag-willmop.ch\/it\/#website\"},\"datePublished\":\"2021-03-06T15:02:51+00:00\",\"dateModified\":\"2021-03-08T15:12:34+00:00\",\"breadcrumb\":{\"@id\":\"https:\/\/pag-willmop.ch\/it\/willmop-50-b\/#breadcrumb\"},\"inLanguage\":\"de\",\"potentialAction\":[{\"@type\":\"ReadAction\",\"target\":[\"https:\/\/pag-willmop.ch\/it\/willmop-50-b\/\"]}]},{\"@type\":\"BreadcrumbList\",\"@id\":\"https:\/\/pag-willmop.ch\/it\/willmop-50-b\/#breadcrumb\",\"itemListElement\":[{\"@type\":\"ListItem\",\"position\":1,\"name\":\"Startseite\",\"item\":\"https:\/\/pag-willmop.ch\/it\/\"},{\"@type\":\"ListItem\",\"position\":2,\"name\":\"WILLMOP-50 B\"}]},{\"@type\":\"WebSite\",\"@id\":\"https:\/\/pag-willmop.ch\/it\/#website\",\"url\":\"https:\/\/pag-willmop.ch\/it\/\",\"name\":\"Willmop IT\",\"description\":\"Eine weitere PAG Willmop Website\",\"potentialAction\":[{\"@type\":\"SearchAction\",\"target\":{\"@type\":\"EntryPoint\",\"urlTemplate\":\"https:\/\/pag-willmop.ch\/it\/?s={search_term_string}\"},\"query-input\":\"required name=search_term_string\"}],\"inLanguage\":\"de\"}]}<\/script>\n<!-- \/ Yoast SEO plugin. -->","yoast_head_json":{"title":"WILLMOP-50 B - Willmop IT","robots":{"index":"index","follow":"follow","max-snippet":"max-snippet:-1","max-image-preview":"max-image-preview:large","max-video-preview":"max-video-preview:-1"},"canonical":"https:\/\/pag-willmop.ch\/it\/willmop-50-b\/","og_locale":"de_DE","og_type":"article","og_title":"WILLMOP-50 B - Willmop IT","og_description":"DEUTSCHFRANCAISQuesto \u00e8 ci\u00f2 che distingue il PAG WILLMOP dai prodotti comparabili della concorrenza rapidamente pronto per il funzionamento forte batteria al litio cambio batteria a mano utilizzabile ovunque facile da lavorare pu\u00f2 essere azionato con una sola mano pu\u00f2 essere azionato con una sola mano pu\u00f2 essere azionato con una sola mano facile sostituzione del [&hellip;]","og_url":"https:\/\/pag-willmop.ch\/it\/willmop-50-b\/","og_site_name":"Willmop IT","article_modified_time":"2021-03-08T15:12:34+00:00","twitter_card":"summary_large_image","schema":{"@context":"https:\/\/schema.org","@graph":[{"@type":"WebPage","@id":"https:\/\/pag-willmop.ch\/it\/willmop-50-b\/","url":"https:\/\/pag-willmop.ch\/it\/willmop-50-b\/","name":"WILLMOP-50 B - Willmop IT","isPartOf":{"@id":"https:\/\/pag-willmop.ch\/it\/#website"},"datePublished":"2021-03-06T15:02:51+00:00","dateModified":"2021-03-08T15:12:34+00:00","breadcrumb":{"@id":"https:\/\/pag-willmop.ch\/it\/willmop-50-b\/#breadcrumb"},"inLanguage":"de","potentialAction":[{"@type":"ReadAction","target":["https:\/\/pag-willmop.ch\/it\/willmop-50-b\/"]}]},{"@type":"BreadcrumbList","@id":"https:\/\/pag-willmop.ch\/it\/willmop-50-b\/#breadcrumb","itemListElement":[{"@type":"ListItem","position":1,"name":"Startseite","item":"https:\/\/pag-willmop.ch\/it\/"},{"@type":"ListItem","position":2,"name":"WILLMOP-50 B"}]},{"@type":"WebSite","@id":"https:\/\/pag-willmop.ch\/it\/#website","url":"https:\/\/pag-willmop.ch\/it\/","name":"Willmop IT","description":"Eine weitere PAG Willmop Website","potentialAction":[{"@type":"SearchAction","target":{"@type":"EntryPoint","urlTemplate":"https:\/\/pag-willmop.ch\/it\/?s={search_term_string}"},"query-input":"required name=search_term_string"}],"inLanguage":"de"}]}},"_links":{"self":[{"href":"https:\/\/pag-willmop.ch\/it\/wp-json\/wp\/v2\/pages\/68"}],"collection":[{"href":"https:\/\/pag-willmop.ch\/it\/wp-json\/wp\/v2\/pages"}],"about":[{"href":"https:\/\/pag-willmop.ch\/it\/wp-json\/wp\/v2\/types\/page"}],"author":[{"embeddable":true,"href":"https:\/\/pag-willmop.ch\/it\/wp-json\/wp\/v2\/users\/1"}],"replies":[{"embeddable":true,"href":"https:\/\/pag-willmop.ch\/it\/wp-json\/wp\/v2\/comments?post=68"}],"version-history":[{"count":13,"href":"https:\/\/pag-willmop.ch\/it\/wp-json\/wp\/v2\/pages\/68\/revisions"}],"predecessor-version":[{"id":170,"href":"https:\/\/pag-willmop.ch\/it\/wp-json\/wp\/v2\/pages\/68\/revisions\/170"}],"wp:attachment":[{"href":"https:\/\/pag-willmop.ch\/it\/wp-json\/wp\/v2\/media?parent=68"}],"curies":[{"name":"wp","href":"https:\/\/api.w.org\/{rel}","templated":true}]}}